{"id":446,"date":"2019-09-25T19:36:53","date_gmt":"2019-09-25T19:36:53","guid":{"rendered":"https:\/\/www.levendula-vendeghaz.hu\/?page_id=446"},"modified":"2019-09-25T20:26:34","modified_gmt":"2019-09-25T20:26:34","slug":"rules","status":"publish","type":"page","link":"https:\/\/www.levendula-vendeghaz.hu\/en\/rules\/","title":{"rendered":"House rules"},"content":{"rendered":"<p>We would like you to have a relaxed and pleasant stay. In order to avoid any misunderstanding, please read the house rules carefully.<\/p>\n<p>Check in is after 3 p.m. Check out is until 10 a.m. on your last day. If you plan to arrive earlier or leave later, please let us know.<\/p>\n<p>Only guests are allowed to stay in the guesthouse. Please don\u2019t accept visitors or let strangers in the guesthouse.<\/p>\n<p>Smoking is only permitted at the designated smoking area in the garden.<\/p>\n<p>Our village, Lovas is a small community and there is a \u201esilence act\u201d in place between 10 p.m. and 8 a.m. We ask you to please refrain from any loud activities in the garden and in the guesthouse after 10 p.m. This also ensures the rest of our neighbours.<\/p>\n<p>Sorry but no pets are allowed.<\/p>\n<p>Our guests receive the guesthouse clean and tidy. However, there is no daily cleaning during your stay. We recycle (glass, plastic and other). You can find recycling bins in the house and larger bins in the garden. We ask you to please look after the cleanliness of the house and garden, and use all the appliances responsibly.<\/p>\n<p>Any damage caused by the unreasonable or irresponsible use of the garden, the guesthouse and any of the appliances, or not following the house rules, you will have to bear the financial responsibilities. Any damage caused needs to be settled during check out. It may also happen that something gets broken or does not work properly in the guesthouse. If you notice it, we ask you to please let us know in order to avoid any major damages.<\/p>\n","protected":false},"excerpt":{"rendered":"<p>We would like you to have a relaxed and pleasant stay. In order to avoid any misunderstanding, please read the house rules carefully. Check in is after 3 p.m. Check out is until 10 a.m. on your last day. If you plan to arrive earlier or leave later, please let us know. Only guests are <a href=\"https:\/\/www.levendula-vendeghaz.hu\/en\/rules\/\" class=\"more-link\">&#8230;<\/a><\/p>\n","protected":false},"author":2,"featured_media":0,"parent":0,"menu_order":0,"comment_status":"closed","ping_status":"closed","template":"","meta":{"footnotes":""},"class_list":["post-446","page","type-page","status-publish","hentry"],"yoast_head":"<!-- This site is optimized with the Yoast SEO plugin v26.7 - https:\/\/yoast.com\/wordpress\/plugins\/seo\/ -->\n<title>House rules &#187; Levendula Vend\u00e9gh\u00e1z Lovas &#187; Balatoni nyugalom, t\u00f6lt\u0151d\u00e9s<\/title>\n<meta name=\"description\" content=\"Vannak otthonok, ahov\u00e1, ha bel\u00e9p az idegen, az a k\u00fcl\u00f6n\u00f6s \u00e9rzete t\u00e1mad, mintha haza\u00e9rkezett volna. \u00d6sszhangban a term\u00e9szettel.\" \/>\n<meta name=\"robots\" content=\"index, follow, max-snippet:-1, max-image-preview:large, max-video-preview:-1\" \/>\n<link rel=\"canonical\" href=\"https:\/\/www.levendula-vendeghaz.hu\/en\/rules\/\" \/>\n<meta property=\"og:locale\" content=\"en_US\" \/>\n<meta property=\"og:type\" content=\"article\" \/>\n<meta property=\"og:title\" content=\"House rules &#187; Levendula Vend\u00e9gh\u00e1z Lovas &#187; Balatoni nyugalom, t\u00f6lt\u0151d\u00e9s\" \/>\n<meta property=\"og:description\" content=\"Vannak otthonok, ahov\u00e1, ha bel\u00e9p az idegen, az a k\u00fcl\u00f6n\u00f6s \u00e9rzete t\u00e1mad, mintha haza\u00e9rkezett volna. \u00d6sszhangban a term\u00e9szettel.\" \/>\n<meta property=\"og:url\" content=\"https:\/\/www.levendula-vendeghaz.hu\/en\/rules\/\" \/>\n<meta property=\"og:site_name\" content=\"Levendula Vend\u00e9gh\u00e1z Lovas\" \/>\n<meta property=\"article:publisher\" content=\"https:\/\/www.facebook.com\/levendulavendeghazlovas\/\" \/>\n<meta property=\"article:modified_time\" content=\"2019-09-25T20:26:34+00:00\" \/>\n<meta name=\"twitter:card\" content=\"summary_large_image\" \/>\n<meta name=\"twitter:label1\" content=\"Est. reading time\" \/>\n\t<meta name=\"twitter:data1\" content=\"1 minute\" \/>\n<script type=\"application\/ld+json\" class=\"yoast-schema-graph\">{\"@context\":\"https:\/\/schema.org\",\"@graph\":[{\"@type\":\"WebPage\",\"@id\":\"https:\/\/www.levendula-vendeghaz.hu\/en\/rules\/\",\"url\":\"https:\/\/www.levendula-vendeghaz.hu\/en\/rules\/\",\"name\":\"House rules &#187; Levendula Vend\u00e9gh\u00e1z Lovas &#187; Balatoni nyugalom, t\u00f6lt\u0151d\u00e9s\",\"isPartOf\":{\"@id\":\"https:\/\/www.levendula-vendeghaz.hu\/en\/#website\"},\"datePublished\":\"2019-09-25T19:36:53+00:00\",\"dateModified\":\"2019-09-25T20:26:34+00:00\",\"description\":\"Vannak otthonok, ahov\u00e1, ha bel\u00e9p az idegen, az a k\u00fcl\u00f6n\u00f6s \u00e9rzete t\u00e1mad, mintha haza\u00e9rkezett volna. \u00d6sszhangban a term\u00e9szettel.\",\"breadcrumb\":{\"@id\":\"https:\/\/www.levendula-vendeghaz.hu\/en\/rules\/#breadcrumb\"},\"inLanguage\":\"en-US\",\"potentialAction\":[{\"@type\":\"ReadAction\",\"target\":[\"https:\/\/www.levendula-vendeghaz.hu\/en\/rules\/\"]}]},{\"@type\":\"BreadcrumbList\",\"@id\":\"https:\/\/www.levendula-vendeghaz.hu\/en\/rules\/#breadcrumb\",\"itemListElement\":[{\"@type\":\"ListItem\",\"position\":1,\"name\":\"Home\",\"item\":\"https:\/\/www.levendula-vendeghaz.hu\/en\/\"},{\"@type\":\"ListItem\",\"position\":2,\"name\":\"House rules\"}]},{\"@type\":\"WebSite\",\"@id\":\"https:\/\/www.levendula-vendeghaz.hu\/en\/#website\",\"url\":\"https:\/\/www.levendula-vendeghaz.hu\/en\/\",\"name\":\"Levendula Vend\u00e9gh\u00e1z Lovas\",\"description\":\"Vannak otthonok, ahov\u00e1, ha bel\u00e9p az idegen, az a k\u00fcl\u00f6n\u00f6s \u00e9rzete t\u00e1mad, mintha haza\u00e9rkezett volna. \u00d6sszhangban a term\u00e9szettel.\",\"publisher\":{\"@id\":\"https:\/\/www.levendula-vendeghaz.hu\/en\/#organization\"},\"potentialAction\":[{\"@type\":\"SearchAction\",\"target\":{\"@type\":\"EntryPoint\",\"urlTemplate\":\"https:\/\/www.levendula-vendeghaz.hu\/en\/?s={search_term_string}\"},\"query-input\":{\"@type\":\"PropertyValueSpecification\",\"valueRequired\":true,\"valueName\":\"search_term_string\"}}],\"inLanguage\":\"en-US\"},{\"@type\":\"Organization\",\"@id\":\"https:\/\/www.levendula-vendeghaz.hu\/en\/#organization\",\"name\":\"Levendula Vend\u00e9gh\u00e1z Lovas\",\"url\":\"https:\/\/www.levendula-vendeghaz.hu\/en\/\",\"logo\":{\"@type\":\"ImageObject\",\"inLanguage\":\"en-US\",\"@id\":\"https:\/\/www.levendula-vendeghaz.hu\/en\/#\/schema\/logo\/image\/\",\"url\":\"https:\/\/www.levendula-vendeghaz.hu\/files\/levendula_vendeghaz_logo.png\",\"contentUrl\":\"https:\/\/www.levendula-vendeghaz.hu\/files\/levendula_vendeghaz_logo.png\",\"width\":259,\"height\":97,\"caption\":\"Levendula Vend\u00e9gh\u00e1z Lovas\"},\"image\":{\"@id\":\"https:\/\/www.levendula-vendeghaz.hu\/en\/#\/schema\/logo\/image\/\"},\"sameAs\":[\"https:\/\/www.facebook.com\/levendulavendeghazlovas\/\",\"https:\/\/www.instagram.com\/levendulavendeghazlovas\/\"]}]}<\/script>\n<!-- \/ Yoast SEO plugin. -->","yoast_head_json":{"title":"House rules &#187; Levendula Vend\u00e9gh\u00e1z Lovas &#187; Balatoni nyugalom, t\u00f6lt\u0151d\u00e9s","description":"Vannak otthonok, ahov\u00e1, ha bel\u00e9p az idegen, az a k\u00fcl\u00f6n\u00f6s \u00e9rzete t\u00e1mad, mintha haza\u00e9rkezett volna. \u00d6sszhangban a term\u00e9szettel.","robots":{"index":"index","follow":"follow","max-snippet":"max-snippet:-1","max-image-preview":"max-image-preview:large","max-video-preview":"max-video-preview:-1"},"canonical":"https:\/\/www.levendula-vendeghaz.hu\/en\/rules\/","og_locale":"en_US","og_type":"article","og_title":"House rules &#187; Levendula Vend\u00e9gh\u00e1z Lovas &#187; Balatoni nyugalom, t\u00f6lt\u0151d\u00e9s","og_description":"Vannak otthonok, ahov\u00e1, ha bel\u00e9p az idegen, az a k\u00fcl\u00f6n\u00f6s \u00e9rzete t\u00e1mad, mintha haza\u00e9rkezett volna. \u00d6sszhangban a term\u00e9szettel.","og_url":"https:\/\/www.levendula-vendeghaz.hu\/en\/rules\/","og_site_name":"Levendula Vend\u00e9gh\u00e1z Lovas","article_publisher":"https:\/\/www.facebook.com\/levendulavendeghazlovas\/","article_modified_time":"2019-09-25T20:26:34+00:00","twitter_card":"summary_large_image","twitter_misc":{"Est. reading time":"1 minute"},"schema":{"@context":"https:\/\/schema.org","@graph":[{"@type":"WebPage","@id":"https:\/\/www.levendula-vendeghaz.hu\/en\/rules\/","url":"https:\/\/www.levendula-vendeghaz.hu\/en\/rules\/","name":"House rules &#187; Levendula Vend\u00e9gh\u00e1z Lovas &#187; Balatoni nyugalom, t\u00f6lt\u0151d\u00e9s","isPartOf":{"@id":"https:\/\/www.levendula-vendeghaz.hu\/en\/#website"},"datePublished":"2019-09-25T19:36:53+00:00","dateModified":"2019-09-25T20:26:34+00:00","description":"Vannak otthonok, ahov\u00e1, ha bel\u00e9p az idegen, az a k\u00fcl\u00f6n\u00f6s \u00e9rzete t\u00e1mad, mintha haza\u00e9rkezett volna. \u00d6sszhangban a term\u00e9szettel.","breadcrumb":{"@id":"https:\/\/www.levendula-vendeghaz.hu\/en\/rules\/#breadcrumb"},"inLanguage":"en-US","potentialAction":[{"@type":"ReadAction","target":["https:\/\/www.levendula-vendeghaz.hu\/en\/rules\/"]}]},{"@type":"BreadcrumbList","@id":"https:\/\/www.levendula-vendeghaz.hu\/en\/rules\/#breadcrumb","itemListElement":[{"@type":"ListItem","position":1,"name":"Home","item":"https:\/\/www.levendula-vendeghaz.hu\/en\/"},{"@type":"ListItem","position":2,"name":"House rules"}]},{"@type":"WebSite","@id":"https:\/\/www.levendula-vendeghaz.hu\/en\/#website","url":"https:\/\/www.levendula-vendeghaz.hu\/en\/","name":"Levendula Vend\u00e9gh\u00e1z Lovas","description":"Vannak otthonok, ahov\u00e1, ha bel\u00e9p az idegen, az a k\u00fcl\u00f6n\u00f6s \u00e9rzete t\u00e1mad, mintha haza\u00e9rkezett volna. \u00d6sszhangban a term\u00e9szettel.","publisher":{"@id":"https:\/\/www.levendula-vendeghaz.hu\/en\/#organization"},"potentialAction":[{"@type":"SearchAction","target":{"@type":"EntryPoint","urlTemplate":"https:\/\/www.levendula-vendeghaz.hu\/en\/?s={search_term_string}"},"query-input":{"@type":"PropertyValueSpecification","valueRequired":true,"valueName":"search_term_string"}}],"inLanguage":"en-US"},{"@type":"Organization","@id":"https:\/\/www.levendula-vendeghaz.hu\/en\/#organization","name":"Levendula Vend\u00e9gh\u00e1z Lovas","url":"https:\/\/www.levendula-vendeghaz.hu\/en\/","logo":{"@type":"ImageObject","inLanguage":"en-US","@id":"https:\/\/www.levendula-vendeghaz.hu\/en\/#\/schema\/logo\/image\/","url":"https:\/\/www.levendula-vendeghaz.hu\/files\/levendula_vendeghaz_logo.png","contentUrl":"https:\/\/www.levendula-vendeghaz.hu\/files\/levendula_vendeghaz_logo.png","width":259,"height":97,"caption":"Levendula Vend\u00e9gh\u00e1z Lovas"},"image":{"@id":"https:\/\/www.levendula-vendeghaz.hu\/en\/#\/schema\/logo\/image\/"},"sameAs":["https:\/\/www.facebook.com\/levendulavendeghazlovas\/","https:\/\/www.instagram.com\/levendulavendeghazlovas\/"]}]}},"_links":{"self":[{"href":"https:\/\/www.levendula-vendeghaz.hu\/en\/wp-json\/wp\/v2\/pages\/446","targetHints":{"allow":["GET"]}}],"collection":[{"href":"https:\/\/www.levendula-vendeghaz.hu\/en\/wp-json\/wp\/v2\/pages"}],"about":[{"href":"https:\/\/www.levendula-vendeghaz.hu\/en\/wp-json\/wp\/v2\/types\/page"}],"author":[{"embeddable":true,"href":"https:\/\/www.levendula-vendeghaz.hu\/en\/wp-json\/wp\/v2\/users\/2"}],"replies":[{"embeddable":true,"href":"https:\/\/www.levendula-vendeghaz.hu\/en\/wp-json\/wp\/v2\/comments?post=446"}],"version-history":[{"count":0,"href":"https:\/\/www.levendula-vendeghaz.hu\/en\/wp-json\/wp\/v2\/pages\/446\/revisions"}],"wp:attachment":[{"href":"https:\/\/www.levendula-vendeghaz.hu\/en\/wp-json\/wp\/v2\/media?parent=446"}],"curies":[{"name":"wp","href":"https:\/\/api.w.org\/{rel}","templated":true}]}}