{"id":451,"date":"2019-09-25T19:44:17","date_gmt":"2019-09-25T19:44:17","guid":{"rendered":"https:\/\/www.levendula-vendeghaz.hu\/?page_id=451"},"modified":"2023-01-29T06:50:59","modified_gmt":"2023-01-29T05:50:59","slug":"pricing","status":"publish","type":"page","link":"https:\/\/www.levendula-vendeghaz.hu\/en\/pricing\/","title":{"rendered":"Pricing"},"content":{"rendered":"<p><strong>The prices below<\/strong>&nbsp;<strong>include all 3 units&nbsp;<\/strong>(Grandiose apartment with 3 bedrooms, Voyage apartment and Pipacs room). For details, availability, and pricing of the individual apartments and rooms please check the <a href=\"#foglalasok\">booking calendars<\/a>.<\/p>\n<p><strong>During the highlighted days and heating season:<\/strong> EUR 275\/night for up to 10 guests. Additional guests may stay for EUR 19\/night. Children below the age of 3 can stay for free.<\/p>\n<p><strong>Non-highlighted days: <\/strong>EUR 190\/night for up to 10 guests. Additional guests may stay for EUR 19\/night. Children below the age of 3 can stay for free.<\/p>\n<p><strong>Highlighted days and heating season:&nbsp;<\/strong> Easter weekend (4-11 April 2023), Pentecostal weekend (26-29 May 2023), Summer season (01 June-31 August 2023), National holiday (20-23 October 2023), Fall school break (27 October- 05 November 2023), Heating season: November, December, January, February, March<\/p>\n<p>The price includes all the sheets, towels, air conditioning and heating, use of the pool (in summer), dishwasher, table tennis, barbeque, garden furniture, all games, petanque, WIFI and television.<\/p>\n<p>The price does not include the use of the infra sauna and washing machine. We charge a smaller fee for these.<\/p>\n<p><strong>Cleaning fee:<\/strong> EUR 130. In case of cancellation, we do not charge any cleaning fee.<\/p>\n<p><strong>Tourist tax above age 18:<\/strong> HUF 500\/person\/night payable upon arrival (cca.EUR 1,25\/person, night).<\/p>\n<p><strong>Deposit:<\/strong> EUR 100 due upon arrival to cover any damages may be caused in the guesthouse. We return the full deposit at the end of your stay if no damage has occurred.<\/p>\n<p><a id=\"foglalasok\" class=\"anchor\" name=\"foglalasok\"><\/a><\/p>\n<p><a class=\"fasc-button fasc-size-medium fasc-type-popout fasc-style-bold\" style=\"background-color: #b4b8ba; color: #f1faf0;\" href=\"https:\/\/www.levendula-vendeghaz.hu\/en\/booking-the-house\/\">Booking calendar of the house<\/a><\/p>\n<p><a class=\"fasc-button fasc-size-medium fasc-type-popout fasc-style-bold\" style=\"background-color: #b4b8ba; color: #f1faf0;\" href=\"https:\/\/www.levendula-vendeghaz.hu\/en\/booking-of-grandiose-apartment\/\">Booking calendar of the Grandiose apartment<\/a><\/p>\n<p><a class=\"fasc-button fasc-size-medium fasc-type-popout fasc-style-bold\" style=\"background-color: #b4b8ba; color: #f1faf0;\" href=\"https:\/\/www.levendula-vendeghaz.hu\/en\/booking-of-voyage-apartment\/\">Booking calendar of the Voyage apartment<\/a><\/p>\n<p><a class=\"fasc-button fasc-size-medium fasc-type-popout fasc-style-bold\" style=\"background-color: #b4b8ba; color: #f1faf0;\" href=\"https:\/\/www.levendula-vendeghaz.hu\/en\/booking-of-pipacs-room\/\">Booking calendar of the Pipacs room<\/a><\/p>\n<p><img loading=\"lazy\" decoding=\"async\" class=\"img-fluid alignnone wp-image-600 \" src=\"https:\/\/www.levendula-vendeghaz.hu\/files\/bankkartya_kicsi-300x199.png\" alt=\"\" width=\"148\" height=\"98\" srcset=\"https:\/\/www.levendula-vendeghaz.hu\/files\/bankkartya_kicsi-300x199.png 300w, https:\/\/www.levendula-vendeghaz.hu\/files\/bankkartya_kicsi.png 320w\" sizes=\"auto, (max-width: 148px) 100vw, 148px\" \/><\/p>\n","protected":false},"excerpt":{"rendered":"<p>The prices below&nbsp;include all 3 units&nbsp;(Grandiose apartment with 3 bedrooms, Voyage apartment and Pipacs room). For details, availability, and pricing of the individual apartments and rooms please check the booking calendars. During the highlighted days and heating season: EUR 275\/night for up to 10 guests. Additional guests may stay for EUR 19\/night. Children below the <a href=\"https:\/\/www.levendula-vendeghaz.hu\/en\/pricing\/\" class=\"more-link\">&#8230;<\/a><\/p>\n","protected":false},"author":2,"featured_media":0,"parent":0,"menu_order":0,"comment_status":"closed","ping_status":"closed","template":"","meta":{"footnotes":""},"class_list":["post-451","page","type-page","status-publish","hentry"],"yoast_head":"<!-- This site is optimized with the Yoast SEO plugin v27.5 - https:\/\/yoast.com\/product\/yoast-seo-wordpress\/ -->\n<title>Pricing &#187; Levendula Vend\u00e9gh\u00e1z Lovas &#187; Balatoni nyugalom, t\u00f6lt\u0151d\u00e9s<\/title>\n<meta name=\"description\" content=\"Vannak otthonok, ahov\u00e1, ha bel\u00e9p az idegen, az a k\u00fcl\u00f6n\u00f6s \u00e9rzete t\u00e1mad, mintha haza\u00e9rkezett volna. \u00d6sszhangban a term\u00e9szettel.\" \/>\n<meta name=\"robots\" content=\"index, follow, max-snippet:-1, max-image-preview:large, max-video-preview:-1\" \/>\n<link rel=\"canonical\" href=\"https:\/\/www.levendula-vendeghaz.hu\/en\/pricing\/\" \/>\n<meta property=\"og:locale\" content=\"en_US\" \/>\n<meta property=\"og:type\" content=\"article\" \/>\n<meta property=\"og:title\" content=\"Pricing &#187; Levendula Vend\u00e9gh\u00e1z Lovas &#187; Balatoni nyugalom, t\u00f6lt\u0151d\u00e9s\" \/>\n<meta property=\"og:description\" content=\"Vannak otthonok, ahov\u00e1, ha bel\u00e9p az idegen, az a k\u00fcl\u00f6n\u00f6s \u00e9rzete t\u00e1mad, mintha haza\u00e9rkezett volna. \u00d6sszhangban a term\u00e9szettel.\" \/>\n<meta property=\"og:url\" content=\"https:\/\/www.levendula-vendeghaz.hu\/en\/pricing\/\" \/>\n<meta property=\"og:site_name\" content=\"Levendula Vend\u00e9gh\u00e1z Lovas\" \/>\n<meta property=\"article:publisher\" content=\"https:\/\/www.facebook.com\/levendulavendeghazlovas\/\" \/>\n<meta property=\"article:modified_time\" content=\"2023-01-29T05:50:59+00:00\" \/>\n<meta property=\"og:image\" content=\"https:\/\/www.levendula-vendeghaz.hu\/files\/bankkartya_kicsi-300x199.png\" \/>\n<meta name=\"twitter:card\" content=\"summary_large_image\" \/>\n<meta name=\"twitter:label1\" content=\"Est. reading time\" \/>\n\t<meta name=\"twitter:data1\" content=\"2 minutes\" \/>\n<script type=\"application\/ld+json\" class=\"yoast-schema-graph\">{\"@context\":\"https:\\\/\\\/schema.org\",\"@graph\":[{\"@type\":\"WebPage\",\"@id\":\"https:\\\/\\\/www.levendula-vendeghaz.hu\\\/en\\\/pricing\\\/\",\"url\":\"https:\\\/\\\/www.levendula-vendeghaz.hu\\\/en\\\/pricing\\\/\",\"name\":\"Pricing &#187; Levendula Vend\u00e9gh\u00e1z Lovas &#187; Balatoni nyugalom, t\u00f6lt\u0151d\u00e9s\",\"isPartOf\":{\"@id\":\"https:\\\/\\\/www.levendula-vendeghaz.hu\\\/en\\\/#website\"},\"primaryImageOfPage\":{\"@id\":\"https:\\\/\\\/www.levendula-vendeghaz.hu\\\/en\\\/pricing\\\/#primaryimage\"},\"image\":{\"@id\":\"https:\\\/\\\/www.levendula-vendeghaz.hu\\\/en\\\/pricing\\\/#primaryimage\"},\"thumbnailUrl\":\"https:\\\/\\\/www.levendula-vendeghaz.hu\\\/files\\\/bankkartya_kicsi-300x199.png\",\"datePublished\":\"2019-09-25T19:44:17+00:00\",\"dateModified\":\"2023-01-29T05:50:59+00:00\",\"description\":\"Vannak otthonok, ahov\u00e1, ha bel\u00e9p az idegen, az a k\u00fcl\u00f6n\u00f6s \u00e9rzete t\u00e1mad, mintha haza\u00e9rkezett volna. \u00d6sszhangban a term\u00e9szettel.\",\"breadcrumb\":{\"@id\":\"https:\\\/\\\/www.levendula-vendeghaz.hu\\\/en\\\/pricing\\\/#breadcrumb\"},\"inLanguage\":\"en-US\",\"potentialAction\":[{\"@type\":\"ReadAction\",\"target\":[\"https:\\\/\\\/www.levendula-vendeghaz.hu\\\/en\\\/pricing\\\/\"]}]},{\"@type\":\"ImageObject\",\"inLanguage\":\"en-US\",\"@id\":\"https:\\\/\\\/www.levendula-vendeghaz.hu\\\/en\\\/pricing\\\/#primaryimage\",\"url\":\"https:\\\/\\\/www.levendula-vendeghaz.hu\\\/files\\\/bankkartya_kicsi-300x199.png\",\"contentUrl\":\"https:\\\/\\\/www.levendula-vendeghaz.hu\\\/files\\\/bankkartya_kicsi-300x199.png\"},{\"@type\":\"BreadcrumbList\",\"@id\":\"https:\\\/\\\/www.levendula-vendeghaz.hu\\\/en\\\/pricing\\\/#breadcrumb\",\"itemListElement\":[{\"@type\":\"ListItem\",\"position\":1,\"name\":\"Home\",\"item\":\"https:\\\/\\\/www.levendula-vendeghaz.hu\\\/en\\\/\"},{\"@type\":\"ListItem\",\"position\":2,\"name\":\"Pricing\"}]},{\"@type\":\"WebSite\",\"@id\":\"https:\\\/\\\/www.levendula-vendeghaz.hu\\\/en\\\/#website\",\"url\":\"https:\\\/\\\/www.levendula-vendeghaz.hu\\\/en\\\/\",\"name\":\"Levendula Vend\u00e9gh\u00e1z Lovas\",\"description\":\"Vannak otthonok, ahov\u00e1, ha bel\u00e9p az idegen, az a k\u00fcl\u00f6n\u00f6s \u00e9rzete t\u00e1mad, mintha haza\u00e9rkezett volna. \u00d6sszhangban a term\u00e9szettel.\",\"publisher\":{\"@id\":\"https:\\\/\\\/www.levendula-vendeghaz.hu\\\/en\\\/#organization\"},\"potentialAction\":[{\"@type\":\"SearchAction\",\"target\":{\"@type\":\"EntryPoint\",\"urlTemplate\":\"https:\\\/\\\/www.levendula-vendeghaz.hu\\\/en\\\/?s={search_term_string}\"},\"query-input\":{\"@type\":\"PropertyValueSpecification\",\"valueRequired\":true,\"valueName\":\"search_term_string\"}}],\"inLanguage\":\"en-US\"},{\"@type\":\"Organization\",\"@id\":\"https:\\\/\\\/www.levendula-vendeghaz.hu\\\/en\\\/#organization\",\"name\":\"Levendula Vend\u00e9gh\u00e1z Lovas\",\"url\":\"https:\\\/\\\/www.levendula-vendeghaz.hu\\\/en\\\/\",\"logo\":{\"@type\":\"ImageObject\",\"inLanguage\":\"en-US\",\"@id\":\"https:\\\/\\\/www.levendula-vendeghaz.hu\\\/en\\\/#\\\/schema\\\/logo\\\/image\\\/\",\"url\":\"https:\\\/\\\/www.levendula-vendeghaz.hu\\\/files\\\/levendula_vendeghaz_logo.png\",\"contentUrl\":\"https:\\\/\\\/www.levendula-vendeghaz.hu\\\/files\\\/levendula_vendeghaz_logo.png\",\"width\":259,\"height\":97,\"caption\":\"Levendula Vend\u00e9gh\u00e1z Lovas\"},\"image\":{\"@id\":\"https:\\\/\\\/www.levendula-vendeghaz.hu\\\/en\\\/#\\\/schema\\\/logo\\\/image\\\/\"},\"sameAs\":[\"https:\\\/\\\/www.facebook.com\\\/levendulavendeghazlovas\\\/\",\"https:\\\/\\\/www.instagram.com\\\/levendulavendeghazlovas\\\/\"]}]}<\/script>\n<!-- \/ Yoast SEO plugin. -->","yoast_head_json":{"title":"Pricing &#187; Levendula Vend\u00e9gh\u00e1z Lovas &#187; Balatoni nyugalom, t\u00f6lt\u0151d\u00e9s","description":"Vannak otthonok, ahov\u00e1, ha bel\u00e9p az idegen, az a k\u00fcl\u00f6n\u00f6s \u00e9rzete t\u00e1mad, mintha haza\u00e9rkezett volna. \u00d6sszhangban a term\u00e9szettel.","robots":{"index":"index","follow":"follow","max-snippet":"max-snippet:-1","max-image-preview":"max-image-preview:large","max-video-preview":"max-video-preview:-1"},"canonical":"https:\/\/www.levendula-vendeghaz.hu\/en\/pricing\/","og_locale":"en_US","og_type":"article","og_title":"Pricing &#187; Levendula Vend\u00e9gh\u00e1z Lovas &#187; Balatoni nyugalom, t\u00f6lt\u0151d\u00e9s","og_description":"Vannak otthonok, ahov\u00e1, ha bel\u00e9p az idegen, az a k\u00fcl\u00f6n\u00f6s \u00e9rzete t\u00e1mad, mintha haza\u00e9rkezett volna. \u00d6sszhangban a term\u00e9szettel.","og_url":"https:\/\/www.levendula-vendeghaz.hu\/en\/pricing\/","og_site_name":"Levendula Vend\u00e9gh\u00e1z Lovas","article_publisher":"https:\/\/www.facebook.com\/levendulavendeghazlovas\/","article_modified_time":"2023-01-29T05:50:59+00:00","og_image":[{"url":"https:\/\/www.levendula-vendeghaz.hu\/files\/bankkartya_kicsi-300x199.png","type":"","width":"","height":""}],"twitter_card":"summary_large_image","twitter_misc":{"Est. reading time":"2 minutes"},"schema":{"@context":"https:\/\/schema.org","@graph":[{"@type":"WebPage","@id":"https:\/\/www.levendula-vendeghaz.hu\/en\/pricing\/","url":"https:\/\/www.levendula-vendeghaz.hu\/en\/pricing\/","name":"Pricing &#187; Levendula Vend\u00e9gh\u00e1z Lovas &#187; Balatoni nyugalom, t\u00f6lt\u0151d\u00e9s","isPartOf":{"@id":"https:\/\/www.levendula-vendeghaz.hu\/en\/#website"},"primaryImageOfPage":{"@id":"https:\/\/www.levendula-vendeghaz.hu\/en\/pricing\/#primaryimage"},"image":{"@id":"https:\/\/www.levendula-vendeghaz.hu\/en\/pricing\/#primaryimage"},"thumbnailUrl":"https:\/\/www.levendula-vendeghaz.hu\/files\/bankkartya_kicsi-300x199.png","datePublished":"2019-09-25T19:44:17+00:00","dateModified":"2023-01-29T05:50:59+00:00","description":"Vannak otthonok, ahov\u00e1, ha bel\u00e9p az idegen, az a k\u00fcl\u00f6n\u00f6s \u00e9rzete t\u00e1mad, mintha haza\u00e9rkezett volna. \u00d6sszhangban a term\u00e9szettel.","breadcrumb":{"@id":"https:\/\/www.levendula-vendeghaz.hu\/en\/pricing\/#breadcrumb"},"inLanguage":"en-US","potentialAction":[{"@type":"ReadAction","target":["https:\/\/www.levendula-vendeghaz.hu\/en\/pricing\/"]}]},{"@type":"ImageObject","inLanguage":"en-US","@id":"https:\/\/www.levendula-vendeghaz.hu\/en\/pricing\/#primaryimage","url":"https:\/\/www.levendula-vendeghaz.hu\/files\/bankkartya_kicsi-300x199.png","contentUrl":"https:\/\/www.levendula-vendeghaz.hu\/files\/bankkartya_kicsi-300x199.png"},{"@type":"BreadcrumbList","@id":"https:\/\/www.levendula-vendeghaz.hu\/en\/pricing\/#breadcrumb","itemListElement":[{"@type":"ListItem","position":1,"name":"Home","item":"https:\/\/www.levendula-vendeghaz.hu\/en\/"},{"@type":"ListItem","position":2,"name":"Pricing"}]},{"@type":"WebSite","@id":"https:\/\/www.levendula-vendeghaz.hu\/en\/#website","url":"https:\/\/www.levendula-vendeghaz.hu\/en\/","name":"Levendula Vend\u00e9gh\u00e1z Lovas","description":"Vannak otthonok, ahov\u00e1, ha bel\u00e9p az idegen, az a k\u00fcl\u00f6n\u00f6s \u00e9rzete t\u00e1mad, mintha haza\u00e9rkezett volna. \u00d6sszhangban a term\u00e9szettel.","publisher":{"@id":"https:\/\/www.levendula-vendeghaz.hu\/en\/#organization"},"potentialAction":[{"@type":"SearchAction","target":{"@type":"EntryPoint","urlTemplate":"https:\/\/www.levendula-vendeghaz.hu\/en\/?s={search_term_string}"},"query-input":{"@type":"PropertyValueSpecification","valueRequired":true,"valueName":"search_term_string"}}],"inLanguage":"en-US"},{"@type":"Organization","@id":"https:\/\/www.levendula-vendeghaz.hu\/en\/#organization","name":"Levendula Vend\u00e9gh\u00e1z Lovas","url":"https:\/\/www.levendula-vendeghaz.hu\/en\/","logo":{"@type":"ImageObject","inLanguage":"en-US","@id":"https:\/\/www.levendula-vendeghaz.hu\/en\/#\/schema\/logo\/image\/","url":"https:\/\/www.levendula-vendeghaz.hu\/files\/levendula_vendeghaz_logo.png","contentUrl":"https:\/\/www.levendula-vendeghaz.hu\/files\/levendula_vendeghaz_logo.png","width":259,"height":97,"caption":"Levendula Vend\u00e9gh\u00e1z Lovas"},"image":{"@id":"https:\/\/www.levendula-vendeghaz.hu\/en\/#\/schema\/logo\/image\/"},"sameAs":["https:\/\/www.facebook.com\/levendulavendeghazlovas\/","https:\/\/www.instagram.com\/levendulavendeghazlovas\/"]}]}},"_links":{"self":[{"href":"https:\/\/www.levendula-vendeghaz.hu\/en\/wp-json\/wp\/v2\/pages\/451","targetHints":{"allow":["GET"]}}],"collection":[{"href":"https:\/\/www.levendula-vendeghaz.hu\/en\/wp-json\/wp\/v2\/pages"}],"about":[{"href":"https:\/\/www.levendula-vendeghaz.hu\/en\/wp-json\/wp\/v2\/types\/page"}],"author":[{"embeddable":true,"href":"https:\/\/www.levendula-vendeghaz.hu\/en\/wp-json\/wp\/v2\/users\/2"}],"replies":[{"embeddable":true,"href":"https:\/\/www.levendula-vendeghaz.hu\/en\/wp-json\/wp\/v2\/comments?post=451"}],"version-history":[{"count":0,"href":"https:\/\/www.levendula-vendeghaz.hu\/en\/wp-json\/wp\/v2\/pages\/451\/revisions"}],"wp:attachment":[{"href":"https:\/\/www.levendula-vendeghaz.hu\/en\/wp-json\/wp\/v2\/media?parent=451"}],"curies":[{"name":"wp","href":"https:\/\/api.w.org\/{rel}","templated":true}]}}