{"id":474,"date":"2019-09-26T09:03:24","date_gmt":"2019-09-26T09:03:24","guid":{"rendered":"https:\/\/www.levendula-vendeghaz.hu\/?page_id=474"},"modified":"2019-11-26T23:44:02","modified_gmt":"2019-11-26T22:44:02","slug":"eco-approach","status":"publish","type":"page","link":"https:\/\/www.levendula-vendeghaz.hu\/en\/eco-approach\/","title":{"rendered":"Eco Approach"},"content":{"rendered":"<h2>We do the following for the nature in our guesthouse:<\/h2>\n<ul>\n<li>Selective waste management<\/li>\n<li>Use of solar energy<\/li>\n<li>Avoid artificial fragrances<\/li>\n<li>Compost<\/li>\n<li>Collect rain water<\/li>\n<li>Use eco and baby friendly detergent<\/li>\n<li>Rely on sun to dry clothes instead of using a dryer<\/li>\n<li>Recycle as much as possible<\/li>\n<li>Environment friendly dishwashing<\/li>\n<li>Clean with only small amount of natural cleaning products while still maintaining high hygienic standards (steam cleaning, vinegar, citric acid)<\/li>\n<li>Buy spray free products from local farmers<\/li>\n<li>Prefer furniture made of natural materials<\/li>\n<li>Save energy as much as we can<\/li>\n<\/ul>\n<p><img loading=\"lazy\" decoding=\"async\" class=\"img-fluid wp-image-678 size-medium aligncenter\" src=\"https:\/\/www.levendula-vendeghaz.hu\/files\/\u00d6ko4-300x200.jpg\" alt=\"\" width=\"300\" height=\"200\" srcset=\"https:\/\/www.levendula-vendeghaz.hu\/files\/\u00d6ko4-300x200.jpg 300w, https:\/\/www.levendula-vendeghaz.hu\/files\/\u00d6ko4.jpg 600w\" sizes=\"auto, (max-width: 300px) 100vw, 300px\" \/><\/p>\n<p>The respect and love of nature have always been part of our life. We spend most of our time with our children outdoors. It is important for us to use eco friendly, natural and spray free products. We prefer eating fresh, &#8216;living&#8217; food from clean sources, some grown in our small organic veggie garden. We had left a busy city life behind when we moved to the Balaton Uplands. We are delighted to live in harmony with nature in a small village of a few hundreds of people. We have slowed down. We offer this tranquil, simple life-style for our guests in close proximity with nature.<\/p>\n<p><img loading=\"lazy\" decoding=\"async\" class=\"img-fluid aligncenter wp-image-681 size-medium\" src=\"https:\/\/www.levendula-vendeghaz.hu\/files\/\u00d6ko1-300x169.jpg\" alt=\"\" width=\"300\" height=\"169\" srcset=\"https:\/\/www.levendula-vendeghaz.hu\/files\/\u00d6ko1-300x169.jpg 300w, https:\/\/www.levendula-vendeghaz.hu\/files\/\u00d6ko1-1024x576.jpg 1024w, https:\/\/www.levendula-vendeghaz.hu\/files\/\u00d6ko1.jpg 1180w\" sizes=\"auto, (max-width: 300px) 100vw, 300px\" \/><br \/>\n<a name=\"serenity-and-renewal\"><\/a><br \/>\nWe also welcome those who would like to recharge their batteries, practice yoga, meditate or simply just step out of their busy life for a while and pay more attention to their inner selves.<\/p>\n<p>At request, we can make the whole guesthouse wifi and television free. We try to reduce the electro smog in the bedrooms. Therefore, there are very few electronics in the rooms to ensure a relaxed sleep.<\/p>\n<p><img loading=\"lazy\" decoding=\"async\" class=\"img-fluid aligncenter wp-image-683 size-medium\" src=\"https:\/\/www.levendula-vendeghaz.hu\/files\/\u00d6ko2-300x211.png\" alt=\"\" width=\"300\" height=\"211\" srcset=\"https:\/\/www.levendula-vendeghaz.hu\/files\/\u00d6ko2-300x211.png 300w, https:\/\/www.levendula-vendeghaz.hu\/files\/\u00d6ko2.png 1016w\" sizes=\"auto, (max-width: 300px) 100vw, 300px\" \/><\/p>\n<p>We can help you to find fresh local products if you are interested in them while you stay with us.<\/p>\n<p>We welcome any further ideas and suggestions regarding what else we could do for the environment.<\/p>\n","protected":false},"excerpt":{"rendered":"<p>We do the following for the nature in our guesthouse: Selective waste management Use of solar energy Avoid artificial fragrances Compost Collect rain water Use eco and baby friendly detergent Rely on sun to dry clothes instead of using a dryer Recycle as much as possible Environment friendly dishwashing Clean with only small amount of <a href=\"https:\/\/www.levendula-vendeghaz.hu\/en\/eco-approach\/\" class=\"more-link\">&#8230;<\/a><\/p>\n","protected":false},"author":2,"featured_media":0,"parent":0,"menu_order":0,"comment_status":"closed","ping_status":"closed","template":"","meta":{"footnotes":""},"class_list":["post-474","page","type-page","status-publish","hentry"],"yoast_head":"<!-- This site is optimized with the Yoast SEO plugin v27.5 - https:\/\/yoast.com\/product\/yoast-seo-wordpress\/ -->\n<title>Eco Approach &#187; Levendula Vend\u00e9gh\u00e1z Lovas &#187; Balatoni nyugalom, t\u00f6lt\u0151d\u00e9s<\/title>\n<meta name=\"description\" content=\"Vannak otthonok, ahov\u00e1, ha bel\u00e9p az idegen, az a k\u00fcl\u00f6n\u00f6s \u00e9rzete t\u00e1mad, mintha haza\u00e9rkezett volna. \u00d6sszhangban a term\u00e9szettel.\" \/>\n<meta name=\"robots\" content=\"index, follow, max-snippet:-1, max-image-preview:large, max-video-preview:-1\" \/>\n<link rel=\"canonical\" href=\"https:\/\/www.levendula-vendeghaz.hu\/en\/eco-approach\/\" \/>\n<meta property=\"og:locale\" content=\"en_US\" \/>\n<meta property=\"og:type\" content=\"article\" \/>\n<meta property=\"og:title\" content=\"Eco Approach &#187; Levendula Vend\u00e9gh\u00e1z Lovas &#187; Balatoni nyugalom, t\u00f6lt\u0151d\u00e9s\" \/>\n<meta property=\"og:description\" content=\"Vannak otthonok, ahov\u00e1, ha bel\u00e9p az idegen, az a k\u00fcl\u00f6n\u00f6s \u00e9rzete t\u00e1mad, mintha haza\u00e9rkezett volna. \u00d6sszhangban a term\u00e9szettel.\" \/>\n<meta property=\"og:url\" content=\"https:\/\/www.levendula-vendeghaz.hu\/en\/eco-approach\/\" \/>\n<meta property=\"og:site_name\" content=\"Levendula Vend\u00e9gh\u00e1z Lovas\" \/>\n<meta property=\"article:publisher\" content=\"https:\/\/www.facebook.com\/levendulavendeghazlovas\/\" \/>\n<meta property=\"article:modified_time\" content=\"2019-11-26T22:44:02+00:00\" \/>\n<meta property=\"og:image\" content=\"https:\/\/www.levendula-vendeghaz.hu\/files\/\u00d6ko4-300x200.jpg\" \/>\n<meta name=\"twitter:card\" content=\"summary_large_image\" \/>\n<meta name=\"twitter:label1\" content=\"Est. reading time\" \/>\n\t<meta name=\"twitter:data1\" content=\"2 minutes\" \/>\n<script type=\"application\/ld+json\" class=\"yoast-schema-graph\">{\"@context\":\"https:\\\/\\\/schema.org\",\"@graph\":[{\"@type\":\"WebPage\",\"@id\":\"https:\\\/\\\/www.levendula-vendeghaz.hu\\\/en\\\/eco-approach\\\/\",\"url\":\"https:\\\/\\\/www.levendula-vendeghaz.hu\\\/en\\\/eco-approach\\\/\",\"name\":\"Eco Approach &#187; Levendula Vend\u00e9gh\u00e1z Lovas &#187; Balatoni nyugalom, t\u00f6lt\u0151d\u00e9s\",\"isPartOf\":{\"@id\":\"https:\\\/\\\/www.levendula-vendeghaz.hu\\\/en\\\/#website\"},\"datePublished\":\"2019-09-26T09:03:24+00:00\",\"dateModified\":\"2019-11-26T22:44:02+00:00\",\"description\":\"Vannak otthonok, ahov\u00e1, ha bel\u00e9p az idegen, az a k\u00fcl\u00f6n\u00f6s \u00e9rzete t\u00e1mad, mintha haza\u00e9rkezett volna. \u00d6sszhangban a term\u00e9szettel.\",\"breadcrumb\":{\"@id\":\"https:\\\/\\\/www.levendula-vendeghaz.hu\\\/en\\\/eco-approach\\\/#breadcrumb\"},\"inLanguage\":\"en-US\",\"potentialAction\":[{\"@type\":\"ReadAction\",\"target\":[\"https:\\\/\\\/www.levendula-vendeghaz.hu\\\/en\\\/eco-approach\\\/\"]}]},{\"@type\":\"BreadcrumbList\",\"@id\":\"https:\\\/\\\/www.levendula-vendeghaz.hu\\\/en\\\/eco-approach\\\/#breadcrumb\",\"itemListElement\":[{\"@type\":\"ListItem\",\"position\":1,\"name\":\"Home\",\"item\":\"https:\\\/\\\/www.levendula-vendeghaz.hu\\\/en\\\/\"},{\"@type\":\"ListItem\",\"position\":2,\"name\":\"Eco Approach\"}]},{\"@type\":\"WebSite\",\"@id\":\"https:\\\/\\\/www.levendula-vendeghaz.hu\\\/en\\\/#website\",\"url\":\"https:\\\/\\\/www.levendula-vendeghaz.hu\\\/en\\\/\",\"name\":\"Levendula Vend\u00e9gh\u00e1z Lovas\",\"description\":\"Vannak otthonok, ahov\u00e1, ha bel\u00e9p az idegen, az a k\u00fcl\u00f6n\u00f6s \u00e9rzete t\u00e1mad, mintha haza\u00e9rkezett volna. \u00d6sszhangban a term\u00e9szettel.\",\"publisher\":{\"@id\":\"https:\\\/\\\/www.levendula-vendeghaz.hu\\\/en\\\/#organization\"},\"potentialAction\":[{\"@type\":\"SearchAction\",\"target\":{\"@type\":\"EntryPoint\",\"urlTemplate\":\"https:\\\/\\\/www.levendula-vendeghaz.hu\\\/en\\\/?s={search_term_string}\"},\"query-input\":{\"@type\":\"PropertyValueSpecification\",\"valueRequired\":true,\"valueName\":\"search_term_string\"}}],\"inLanguage\":\"en-US\"},{\"@type\":\"Organization\",\"@id\":\"https:\\\/\\\/www.levendula-vendeghaz.hu\\\/en\\\/#organization\",\"name\":\"Levendula Vend\u00e9gh\u00e1z Lovas\",\"url\":\"https:\\\/\\\/www.levendula-vendeghaz.hu\\\/en\\\/\",\"logo\":{\"@type\":\"ImageObject\",\"inLanguage\":\"en-US\",\"@id\":\"https:\\\/\\\/www.levendula-vendeghaz.hu\\\/en\\\/#\\\/schema\\\/logo\\\/image\\\/\",\"url\":\"https:\\\/\\\/www.levendula-vendeghaz.hu\\\/files\\\/levendula_vendeghaz_logo.png\",\"contentUrl\":\"https:\\\/\\\/www.levendula-vendeghaz.hu\\\/files\\\/levendula_vendeghaz_logo.png\",\"width\":259,\"height\":97,\"caption\":\"Levendula Vend\u00e9gh\u00e1z Lovas\"},\"image\":{\"@id\":\"https:\\\/\\\/www.levendula-vendeghaz.hu\\\/en\\\/#\\\/schema\\\/logo\\\/image\\\/\"},\"sameAs\":[\"https:\\\/\\\/www.facebook.com\\\/levendulavendeghazlovas\\\/\",\"https:\\\/\\\/www.instagram.com\\\/levendulavendeghazlovas\\\/\"]}]}<\/script>\n<!-- \/ Yoast SEO plugin. -->","yoast_head_json":{"title":"Eco Approach &#187; Levendula Vend\u00e9gh\u00e1z Lovas &#187; Balatoni nyugalom, t\u00f6lt\u0151d\u00e9s","description":"Vannak otthonok, ahov\u00e1, ha bel\u00e9p az idegen, az a k\u00fcl\u00f6n\u00f6s \u00e9rzete t\u00e1mad, mintha haza\u00e9rkezett volna. \u00d6sszhangban a term\u00e9szettel.","robots":{"index":"index","follow":"follow","max-snippet":"max-snippet:-1","max-image-preview":"max-image-preview:large","max-video-preview":"max-video-preview:-1"},"canonical":"https:\/\/www.levendula-vendeghaz.hu\/en\/eco-approach\/","og_locale":"en_US","og_type":"article","og_title":"Eco Approach &#187; Levendula Vend\u00e9gh\u00e1z Lovas &#187; Balatoni nyugalom, t\u00f6lt\u0151d\u00e9s","og_description":"Vannak otthonok, ahov\u00e1, ha bel\u00e9p az idegen, az a k\u00fcl\u00f6n\u00f6s \u00e9rzete t\u00e1mad, mintha haza\u00e9rkezett volna. \u00d6sszhangban a term\u00e9szettel.","og_url":"https:\/\/www.levendula-vendeghaz.hu\/en\/eco-approach\/","og_site_name":"Levendula Vend\u00e9gh\u00e1z Lovas","article_publisher":"https:\/\/www.facebook.com\/levendulavendeghazlovas\/","article_modified_time":"2019-11-26T22:44:02+00:00","og_image":[{"url":"https:\/\/www.levendula-vendeghaz.hu\/files\/\u00d6ko4-300x200.jpg","type":"","width":"","height":""}],"twitter_card":"summary_large_image","twitter_misc":{"Est. reading time":"2 minutes"},"schema":{"@context":"https:\/\/schema.org","@graph":[{"@type":"WebPage","@id":"https:\/\/www.levendula-vendeghaz.hu\/en\/eco-approach\/","url":"https:\/\/www.levendula-vendeghaz.hu\/en\/eco-approach\/","name":"Eco Approach &#187; Levendula Vend\u00e9gh\u00e1z Lovas &#187; Balatoni nyugalom, t\u00f6lt\u0151d\u00e9s","isPartOf":{"@id":"https:\/\/www.levendula-vendeghaz.hu\/en\/#website"},"datePublished":"2019-09-26T09:03:24+00:00","dateModified":"2019-11-26T22:44:02+00:00","description":"Vannak otthonok, ahov\u00e1, ha bel\u00e9p az idegen, az a k\u00fcl\u00f6n\u00f6s \u00e9rzete t\u00e1mad, mintha haza\u00e9rkezett volna. \u00d6sszhangban a term\u00e9szettel.","breadcrumb":{"@id":"https:\/\/www.levendula-vendeghaz.hu\/en\/eco-approach\/#breadcrumb"},"inLanguage":"en-US","potentialAction":[{"@type":"ReadAction","target":["https:\/\/www.levendula-vendeghaz.hu\/en\/eco-approach\/"]}]},{"@type":"BreadcrumbList","@id":"https:\/\/www.levendula-vendeghaz.hu\/en\/eco-approach\/#breadcrumb","itemListElement":[{"@type":"ListItem","position":1,"name":"Home","item":"https:\/\/www.levendula-vendeghaz.hu\/en\/"},{"@type":"ListItem","position":2,"name":"Eco Approach"}]},{"@type":"WebSite","@id":"https:\/\/www.levendula-vendeghaz.hu\/en\/#website","url":"https:\/\/www.levendula-vendeghaz.hu\/en\/","name":"Levendula Vend\u00e9gh\u00e1z Lovas","description":"Vannak otthonok, ahov\u00e1, ha bel\u00e9p az idegen, az a k\u00fcl\u00f6n\u00f6s \u00e9rzete t\u00e1mad, mintha haza\u00e9rkezett volna. \u00d6sszhangban a term\u00e9szettel.","publisher":{"@id":"https:\/\/www.levendula-vendeghaz.hu\/en\/#organization"},"potentialAction":[{"@type":"SearchAction","target":{"@type":"EntryPoint","urlTemplate":"https:\/\/www.levendula-vendeghaz.hu\/en\/?s={search_term_string}"},"query-input":{"@type":"PropertyValueSpecification","valueRequired":true,"valueName":"search_term_string"}}],"inLanguage":"en-US"},{"@type":"Organization","@id":"https:\/\/www.levendula-vendeghaz.hu\/en\/#organization","name":"Levendula Vend\u00e9gh\u00e1z Lovas","url":"https:\/\/www.levendula-vendeghaz.hu\/en\/","logo":{"@type":"ImageObject","inLanguage":"en-US","@id":"https:\/\/www.levendula-vendeghaz.hu\/en\/#\/schema\/logo\/image\/","url":"https:\/\/www.levendula-vendeghaz.hu\/files\/levendula_vendeghaz_logo.png","contentUrl":"https:\/\/www.levendula-vendeghaz.hu\/files\/levendula_vendeghaz_logo.png","width":259,"height":97,"caption":"Levendula Vend\u00e9gh\u00e1z Lovas"},"image":{"@id":"https:\/\/www.levendula-vendeghaz.hu\/en\/#\/schema\/logo\/image\/"},"sameAs":["https:\/\/www.facebook.com\/levendulavendeghazlovas\/","https:\/\/www.instagram.com\/levendulavendeghazlovas\/"]}]}},"_links":{"self":[{"href":"https:\/\/www.levendula-vendeghaz.hu\/en\/wp-json\/wp\/v2\/pages\/474","targetHints":{"allow":["GET"]}}],"collection":[{"href":"https:\/\/www.levendula-vendeghaz.hu\/en\/wp-json\/wp\/v2\/pages"}],"about":[{"href":"https:\/\/www.levendula-vendeghaz.hu\/en\/wp-json\/wp\/v2\/types\/page"}],"author":[{"embeddable":true,"href":"https:\/\/www.levendula-vendeghaz.hu\/en\/wp-json\/wp\/v2\/users\/2"}],"replies":[{"embeddable":true,"href":"https:\/\/www.levendula-vendeghaz.hu\/en\/wp-json\/wp\/v2\/comments?post=474"}],"version-history":[{"count":0,"href":"https:\/\/www.levendula-vendeghaz.hu\/en\/wp-json\/wp\/v2\/pages\/474\/revisions"}],"wp:attachment":[{"href":"https:\/\/www.levendula-vendeghaz.hu\/en\/wp-json\/wp\/v2\/media?parent=474"}],"curies":[{"name":"wp","href":"https:\/\/api.w.org\/{rel}","templated":true}]}}