{"id":475,"date":"2019-09-26T09:04:42","date_gmt":"2019-09-26T09:04:42","guid":{"rendered":"https:\/\/www.levendula-vendeghaz.hu\/?page_id=475"},"modified":"2019-12-09T15:44:58","modified_gmt":"2019-12-09T14:44:58","slug":"the-guesthouse","status":"publish","type":"page","link":"https:\/\/www.levendula-vendeghaz.hu\/en\/the-guesthouse\/","title":{"rendered":"The Guesthouse"},"content":{"rendered":"<p>There are homes where you enter as stranger and you feel at home immediately. We felt like this when we found this guesthouse in Lovas, a small village in the Balaton Upper Lands. It is a dream coming through for us to welcome you in our unique house which is built according to the Hungarian folk traditions with its thick sandstone walls and large veranda. We have been living in Paloznak in the neighbourhood village for years. We think that both Lovas and Paloznak are very special where tradition and modern world meet in harmony.<\/p>\n<p><img loading=\"lazy\" decoding=\"async\" class=\"img-fluid aligncenter wp-image-262 size-medium\" src=\"https:\/\/www.levendula-vendeghaz.hu\/files\/DSC_8791-300x200.jpg\" alt=\"\" width=\"300\" height=\"200\" \/><br \/>\n<a name=\"beautiful-guesthouse-in-the-balaton-uplands-area\"><\/a><\/p>\n<p><a class=\"fasc-button fasc-size-medium fasc-type-popout fasc-style-bold\" style=\"background-color: #b4b8ba; color: #f1faf0;\" href=\"https:\/\/www.levendula-vendeghaz.hu\/en\/booking-the-house\/\">Booking calendar of the house<\/a><\/p>\n<p>The different functions are well separated in the guesthouse. There are five bedrooms with five bathrooms and two dining rooms with kitchens. It is comfortable for 12-16 people, larger families. In the kitchen our guests can make breakfast and cook smaller meals. There is a large community space which is perfect for dining and spending some time together. There is television, broadband wifi, fridge and freezer available. The upstairs bedrooms come with air conditioners. A security safe can be found in each bedroom.<\/p>\n<p><img loading=\"lazy\" decoding=\"async\" class=\"img-fluid aligncenter wp-image-668 size-medium\" src=\"https:\/\/www.levendula-vendeghaz.hu\/files\/DSC_8859-300x200.jpg\" alt=\"\" width=\"300\" height=\"200\" srcset=\"https:\/\/www.levendula-vendeghaz.hu\/files\/DSC_8859-300x200.jpg 300w, https:\/\/www.levendula-vendeghaz.hu\/files\/DSC_8859-1024x683.jpg 1024w, https:\/\/www.levendula-vendeghaz.hu\/files\/DSC_8859.jpg 1500w\" sizes=\"auto, (max-width: 300px) 100vw, 300px\" \/><\/p>\n<p>We have a beautiful lavender garden which our guesthouse was named after.<\/p>\n<p><img loading=\"lazy\" decoding=\"async\" class=\"img-fluid aligncenter wp-image-273 size-medium\" src=\"https:\/\/www.levendula-vendeghaz.hu\/files\/DSC_9428-300x200.jpg\" alt=\"\" width=\"300\" height=\"200\" \/><\/p>\n<p>Our pentaque court is the heritage of the previous owners, a Hungarian-French couple and we are happy to continue with their tradition. Our guests are welcome to barbeque under the old walnut tree or relax in the shade of the grape-arbour.<\/p>\n<p><img loading=\"lazy\" decoding=\"async\" class=\"img-fluid aligncenter wp-image-639 size-medium\" src=\"https:\/\/www.levendula-vendeghaz.hu\/files\/DSC_9348-200x300.jpg\" alt=\"\" width=\"200\" height=\"300\" srcset=\"https:\/\/www.levendula-vendeghaz.hu\/files\/DSC_9348-200x300.jpg 200w, https:\/\/www.levendula-vendeghaz.hu\/files\/DSC_9348.jpg 667w\" sizes=\"auto, (max-width: 200px) 100vw, 200px\" \/><br \/>\n<a name=\"we-think-about-our-smallest-guests\"><\/a><br \/>\nWe think about our little guests. There is a play area in the community space\/dining room upstairs where children can do different creative activities, read kids books or play with toys.<\/p>\n<p><img loading=\"lazy\" decoding=\"async\" class=\"img-fluid aligncenter wp-image-248 size-medium\" src=\"https:\/\/www.levendula-vendeghaz.hu\/files\/DSC_8891-200x300.jpg\" alt=\"\" width=\"200\" height=\"300\" \/><\/p>\n<p>In the garden we have a baby swing, a larger wooden swing, baby slide, sandbox, balls, wall bars, baby car, tricycle. At request, we can provide you with kids bicycle and scooter. There is also table tennis, table soccer, racket games, darts and swing-bed available for our guest. We provide changing table, two baby feeding chairs, three portacots, baby bath, kids potty seat and step ladder for families with small children. At request we can put a safety gate by the staircase.<\/p>\n<p><a name=\"relax-and-unwind\"><\/a><br \/>\nOur guest can relax in the infra sauna which fits three adults comfortably and refresh themselves in the swimming pool (3 x 5 x 1,5 m) in the garden.<\/p>\n<p><img loading=\"lazy\" decoding=\"async\" class=\"img-fluid aligncenter wp-image-21 size-medium\" src=\"https:\/\/www.levendula-vendeghaz.hu\/files\/DSC_8778-300x200.jpg\" alt=\"\" width=\"300\" height=\"200\" srcset=\"https:\/\/www.levendula-vendeghaz.hu\/files\/DSC_8778-300x200.jpg 300w, https:\/\/www.levendula-vendeghaz.hu\/files\/DSC_8778.jpg 900w\" sizes=\"auto, (max-width: 300px) 100vw, 300px\" \/><\/p>\n<p>You can check out our outdoor gallery below or have a <a href=\"https:\/\/magicview.hu\/share\/AisJ5\" target=\"_blank\" rel=\"noopener noreferrer\">virtual tour in the house<\/a>. Photos of the bedrooms can be found in the &#8220;<a href=\"https:\/\/www.levendula-vendeghaz.hu\/en\/rooms\/\">Rooms<\/a>&#8220;menu.<\/p>\n<p>We look forward to welcoming you. <a class=\"fasc-button fasc-size-medium fasc-type-popout fasc-style-bold\" style=\"background-color: #b4b8ba; color: #f1faf0;\" href=\"https:\/\/www.levendula-vendeghaz.hu\/en\/booking-the-house\/\">Booking calendar of the house<\/a><\/p>\n<p><a href=\"https:\/\/magicview.hu\/share\/AisJ5\"><img loading=\"lazy\" decoding=\"async\" class=\"alignnone wp-image-219\" src=\"https:\/\/www.levendula-vendeghaz.hu\/files\/360-300x200.png\" alt=\"\" width=\"98\" height=\"65\" srcset=\"https:\/\/www.levendula-vendeghaz.hu\/files\/360-300x200.png 300w, https:\/\/www.levendula-vendeghaz.hu\/files\/360.png 768w\" sizes=\"auto, (max-width: 98px) 100vw, 98px\" \/><\/a><\/p>\n<p>Outdoor gallery:<\/p>\n<div class=\"gallery-imgs row\">\n            <div class=\"col-sm-4 col-md-6 col-lg-4\">\n                    <a href=\"https:\/\/www.levendula-vendeghaz.hu\/files\/DSC_9355.jpg\">\n                        <img decoding=\"async\" src=\"https:\/\/www.levendula-vendeghaz.hu\/files\/DSC_9355-500x400.jpg\" alt=\"\" class=\"img-fluid\">\n                    <\/a>\n            <\/div>\n            <div class=\"col-sm-4 col-md-6 col-lg-4\">\n                    <a href=\"https:\/\/www.levendula-vendeghaz.hu\/files\/napoz.jpg\">\n                        <img decoding=\"async\" src=\"https:\/\/www.levendula-vendeghaz.hu\/files\/napoz-500x400.jpg\" alt=\"\" class=\"img-fluid\">\n                    <\/a>\n            <\/div>\n            <div class=\"col-sm-4 col-md-6 col-lg-4\">\n                    <a href=\"https:\/\/www.levendula-vendeghaz.hu\/files\/DSC_9366.jpg\">\n                        <img decoding=\"async\" src=\"https:\/\/www.levendula-vendeghaz.hu\/files\/DSC_9366-500x400.jpg\" alt=\"\" class=\"img-fluid\">\n                    <\/a>\n            <\/div>\n            <div class=\"col-sm-4 col-md-6 col-lg-4\">\n                    <a href=\"https:\/\/www.levendula-vendeghaz.hu\/files\/sb_20150918_levendula_vendeghaz_lovas_DSC_3716_gr_rwm800_WeLoveBalaton.jpg\">\n                        <img decoding=\"async\" src=\"https:\/\/www.levendula-vendeghaz.hu\/files\/sb_20150918_levendula_vendeghaz_lovas_DSC_3716_gr_rwm800_WeLoveBalaton-500x400.jpg\" alt=\"\" class=\"img-fluid\">\n                    <\/a>\n            <\/div>\n            <div class=\"col-sm-4 col-md-6 col-lg-4\">\n                    <a href=\"https:\/\/www.levendula-vendeghaz.hu\/files\/DSC_9449.jpg\">\n                        <img decoding=\"async\" src=\"https:\/\/www.levendula-vendeghaz.hu\/files\/DSC_9449-500x400.jpg\" alt=\"\" class=\"img-fluid\">\n                    <\/a>\n            <\/div>\n            <div class=\"col-sm-4 col-md-6 col-lg-4\">\n                    <a href=\"https:\/\/www.levendula-vendeghaz.hu\/files\/DSC_9336.jpg\">\n                        <img decoding=\"async\" src=\"https:\/\/www.levendula-vendeghaz.hu\/files\/DSC_9336-500x400.jpg\" alt=\"\" class=\"img-fluid\">\n                    <\/a>\n            <\/div>\n            <div class=\"col-sm-4 col-md-6 col-lg-4\">\n                    <a href=\"https:\/\/www.levendula-vendeghaz.hu\/files\/DSC_8798.jpg\">\n                        <img decoding=\"async\" src=\"https:\/\/www.levendula-vendeghaz.hu\/files\/DSC_8798-500x400.jpg\" alt=\"\" class=\"img-fluid\">\n                    <\/a>\n            <\/div>\n            <div class=\"col-sm-4 col-md-6 col-lg-4\">\n                    <a href=\"https:\/\/www.levendula-vendeghaz.hu\/files\/DSC_9339.jpg\">\n                        <img decoding=\"async\" src=\"https:\/\/www.levendula-vendeghaz.hu\/files\/DSC_9339-500x400.jpg\" alt=\"\" class=\"img-fluid\">\n                    <\/a>\n            <\/div>\n            <div class=\"col-sm-4 col-md-6 col-lg-4\">\n                    <a href=\"https:\/\/www.levendula-vendeghaz.hu\/files\/DSC_8784.jpg\">\n                        <img decoding=\"async\" src=\"https:\/\/www.levendula-vendeghaz.hu\/files\/DSC_8784.jpg\" alt=\"\" class=\"img-fluid\">\n                    <\/a>\n            <\/div>\n            <div class=\"col-sm-4 col-md-6 col-lg-4\">\n                    <a href=\"https:\/\/www.levendula-vendeghaz.hu\/files\/DSC_9357.jpg\">\n                        <img decoding=\"async\" src=\"https:\/\/www.levendula-vendeghaz.hu\/files\/DSC_9357-500x400.jpg\" alt=\"\" class=\"img-fluid\">\n                    <\/a>\n            <\/div>\n            <div class=\"col-sm-4 col-md-6 col-lg-4\">\n                    <a href=\"https:\/\/www.levendula-vendeghaz.hu\/files\/DSC_8781.jpg\">\n                        <img decoding=\"async\" src=\"https:\/\/www.levendula-vendeghaz.hu\/files\/DSC_8781.jpg\" alt=\"\" class=\"img-fluid\">\n                    <\/a>\n            <\/div>\n            <div class=\"col-sm-4 col-md-6 col-lg-4\">\n                    <a href=\"https:\/\/www.levendula-vendeghaz.hu\/files\/DSC_8764-1-e1568988996988.jpg\">\n                        <img decoding=\"async\" src=\"https:\/\/www.levendula-vendeghaz.hu\/files\/DSC_8764-1-500x400.jpg\" alt=\"\" class=\"img-fluid\">\n                    <\/a>\n            <\/div>\n            <div class=\"col-sm-4 col-md-6 col-lg-4\">\n                    <a href=\"https:\/\/www.levendula-vendeghaz.hu\/files\/DSC_9401-e1568989216907.jpg\">\n                        <img decoding=\"async\" src=\"https:\/\/www.levendula-vendeghaz.hu\/files\/DSC_9401-500x400.jpg\" alt=\"\" class=\"img-fluid\">\n                    <\/a>\n            <\/div>\n            <div class=\"col-sm-4 col-md-6 col-lg-4\">\n                    <a href=\"https:\/\/www.levendula-vendeghaz.hu\/files\/DSC_9331.jpg\">\n                        <img decoding=\"async\" src=\"https:\/\/www.levendula-vendeghaz.hu\/files\/DSC_9331-500x400.jpg\" alt=\"\" class=\"img-fluid\">\n                    <\/a>\n            <\/div>\n            <div class=\"col-sm-4 col-md-6 col-lg-4\">\n                    <a href=\"https:\/\/www.levendula-vendeghaz.hu\/files\/DSC_9409.jpg\">\n                        <img decoding=\"async\" src=\"https:\/\/www.levendula-vendeghaz.hu\/files\/DSC_9409-500x400.jpg\" alt=\"\" class=\"img-fluid\">\n                    <\/a>\n            <\/div>\n            <div class=\"col-sm-4 col-md-6 col-lg-4\">\n                    <a href=\"https:\/\/www.levendula-vendeghaz.hu\/files\/DSC_9321.jpg\">\n                        <img decoding=\"async\" src=\"https:\/\/www.levendula-vendeghaz.hu\/files\/DSC_9321-500x400.jpg\" alt=\"\" class=\"img-fluid\">\n                    <\/a>\n            <\/div>\n            <div class=\"col-sm-4 col-md-6 col-lg-4\">\n                    <a href=\"https:\/\/www.levendula-vendeghaz.hu\/files\/DSC_9387.jpg\">\n                        <img decoding=\"async\" src=\"https:\/\/www.levendula-vendeghaz.hu\/files\/DSC_9387-500x400.jpg\" alt=\"\" class=\"img-fluid\">\n                    <\/a>\n            <\/div>\n            <div class=\"col-sm-4 col-md-6 col-lg-4\">\n                    <a href=\"https:\/\/www.levendula-vendeghaz.hu\/files\/DSC_8811.jpg\">\n                        <img decoding=\"async\" src=\"https:\/\/www.levendula-vendeghaz.hu\/files\/DSC_8811-500x400.jpg\" alt=\"\" class=\"img-fluid\">\n                    <\/a>\n            <\/div><\/div>\n","protected":false},"excerpt":{"rendered":"<p>There are homes where you enter as stranger and you feel at home immediately. We felt like this when we found this guesthouse in Lovas, a small village in the Balaton Upper Lands. It is a dream coming through for us to welcome you in our unique house which is built according to the Hungarian <a href=\"https:\/\/www.levendula-vendeghaz.hu\/en\/the-guesthouse\/\" class=\"more-link\">&#8230;<\/a><\/p>\n","protected":false},"author":2,"featured_media":0,"parent":0,"menu_order":0,"comment_status":"closed","ping_status":"closed","template":"","meta":{"footnotes":""},"class_list":["post-475","page","type-page","status-publish","hentry"],"yoast_head":"<!-- This site is optimized with the Yoast SEO plugin v26.7 - https:\/\/yoast.com\/wordpress\/plugins\/seo\/ -->\n<title>The Guesthouse &#187; Levendula Vend\u00e9gh\u00e1z Lovas &#187; Balatoni nyugalom, t\u00f6lt\u0151d\u00e9s<\/title>\n<meta name=\"description\" content=\"Vannak otthonok, ahov\u00e1, ha bel\u00e9p az idegen, az a k\u00fcl\u00f6n\u00f6s \u00e9rzete t\u00e1mad, mintha haza\u00e9rkezett volna. \u00d6sszhangban a term\u00e9szettel.\" \/>\n<meta name=\"robots\" content=\"index, follow, max-snippet:-1, max-image-preview:large, max-video-preview:-1\" \/>\n<link rel=\"canonical\" href=\"https:\/\/www.levendula-vendeghaz.hu\/en\/the-guesthouse\/\" \/>\n<meta property=\"og:locale\" content=\"en_US\" \/>\n<meta property=\"og:type\" content=\"article\" \/>\n<meta property=\"og:title\" content=\"The Guesthouse &#187; Levendula Vend\u00e9gh\u00e1z Lovas &#187; Balatoni nyugalom, t\u00f6lt\u0151d\u00e9s\" \/>\n<meta property=\"og:description\" content=\"Vannak otthonok, ahov\u00e1, ha bel\u00e9p az idegen, az a k\u00fcl\u00f6n\u00f6s \u00e9rzete t\u00e1mad, mintha haza\u00e9rkezett volna. \u00d6sszhangban a term\u00e9szettel.\" \/>\n<meta property=\"og:url\" content=\"https:\/\/www.levendula-vendeghaz.hu\/en\/the-guesthouse\/\" \/>\n<meta property=\"og:site_name\" content=\"Levendula Vend\u00e9gh\u00e1z Lovas\" \/>\n<meta property=\"article:publisher\" content=\"https:\/\/www.facebook.com\/levendulavendeghazlovas\/\" \/>\n<meta property=\"article:modified_time\" content=\"2019-12-09T14:44:58+00:00\" \/>\n<meta property=\"og:image\" content=\"https:\/\/www.levendula-vendeghaz.hu\/files\/DSC_9355-500x400.jpg\" \/>\n<meta name=\"twitter:card\" content=\"summary_large_image\" \/>\n<meta name=\"twitter:label1\" content=\"Est. reading time\" \/>\n\t<meta name=\"twitter:data1\" content=\"2 minutes\" \/>\n<script type=\"application\/ld+json\" class=\"yoast-schema-graph\">{\"@context\":\"https:\/\/schema.org\",\"@graph\":[{\"@type\":\"WebPage\",\"@id\":\"https:\/\/www.levendula-vendeghaz.hu\/en\/the-guesthouse\/\",\"url\":\"https:\/\/www.levendula-vendeghaz.hu\/en\/the-guesthouse\/\",\"name\":\"The Guesthouse &#187; Levendula Vend\u00e9gh\u00e1z Lovas &#187; Balatoni nyugalom, t\u00f6lt\u0151d\u00e9s\",\"isPartOf\":{\"@id\":\"https:\/\/www.levendula-vendeghaz.hu\/en\/#website\"},\"primaryImageOfPage\":{\"@id\":\"https:\/\/www.levendula-vendeghaz.hu\/en\/the-guesthouse\/#primaryimage\"},\"image\":{\"@id\":\"https:\/\/www.levendula-vendeghaz.hu\/en\/the-guesthouse\/#primaryimage\"},\"thumbnailUrl\":\"https:\/\/www.levendula-vendeghaz.hu\/files\/DSC_8791-300x200.jpg\",\"datePublished\":\"2019-09-26T09:04:42+00:00\",\"dateModified\":\"2019-12-09T14:44:58+00:00\",\"description\":\"Vannak otthonok, ahov\u00e1, ha bel\u00e9p az idegen, az a k\u00fcl\u00f6n\u00f6s \u00e9rzete t\u00e1mad, mintha haza\u00e9rkezett volna. \u00d6sszhangban a term\u00e9szettel.\",\"breadcrumb\":{\"@id\":\"https:\/\/www.levendula-vendeghaz.hu\/en\/the-guesthouse\/#breadcrumb\"},\"inLanguage\":\"en-US\",\"potentialAction\":[{\"@type\":\"ReadAction\",\"target\":[\"https:\/\/www.levendula-vendeghaz.hu\/en\/the-guesthouse\/\"]}]},{\"@type\":\"ImageObject\",\"inLanguage\":\"en-US\",\"@id\":\"https:\/\/www.levendula-vendeghaz.hu\/en\/the-guesthouse\/#primaryimage\",\"url\":\"https:\/\/www.levendula-vendeghaz.hu\/files\/DSC_8791-300x200.jpg\",\"contentUrl\":\"https:\/\/www.levendula-vendeghaz.hu\/files\/DSC_8791-300x200.jpg\"},{\"@type\":\"BreadcrumbList\",\"@id\":\"https:\/\/www.levendula-vendeghaz.hu\/en\/the-guesthouse\/#breadcrumb\",\"itemListElement\":[{\"@type\":\"ListItem\",\"position\":1,\"name\":\"Home\",\"item\":\"https:\/\/www.levendula-vendeghaz.hu\/en\/\"},{\"@type\":\"ListItem\",\"position\":2,\"name\":\"The Guesthouse\"}]},{\"@type\":\"WebSite\",\"@id\":\"https:\/\/www.levendula-vendeghaz.hu\/en\/#website\",\"url\":\"https:\/\/www.levendula-vendeghaz.hu\/en\/\",\"name\":\"Levendula Vend\u00e9gh\u00e1z Lovas\",\"description\":\"Vannak otthonok, ahov\u00e1, ha bel\u00e9p az idegen, az a k\u00fcl\u00f6n\u00f6s \u00e9rzete t\u00e1mad, mintha haza\u00e9rkezett volna. \u00d6sszhangban a term\u00e9szettel.\",\"publisher\":{\"@id\":\"https:\/\/www.levendula-vendeghaz.hu\/en\/#organization\"},\"potentialAction\":[{\"@type\":\"SearchAction\",\"target\":{\"@type\":\"EntryPoint\",\"urlTemplate\":\"https:\/\/www.levendula-vendeghaz.hu\/en\/?s={search_term_string}\"},\"query-input\":{\"@type\":\"PropertyValueSpecification\",\"valueRequired\":true,\"valueName\":\"search_term_string\"}}],\"inLanguage\":\"en-US\"},{\"@type\":\"Organization\",\"@id\":\"https:\/\/www.levendula-vendeghaz.hu\/en\/#organization\",\"name\":\"Levendula Vend\u00e9gh\u00e1z Lovas\",\"url\":\"https:\/\/www.levendula-vendeghaz.hu\/en\/\",\"logo\":{\"@type\":\"ImageObject\",\"inLanguage\":\"en-US\",\"@id\":\"https:\/\/www.levendula-vendeghaz.hu\/en\/#\/schema\/logo\/image\/\",\"url\":\"https:\/\/www.levendula-vendeghaz.hu\/files\/levendula_vendeghaz_logo.png\",\"contentUrl\":\"https:\/\/www.levendula-vendeghaz.hu\/files\/levendula_vendeghaz_logo.png\",\"width\":259,\"height\":97,\"caption\":\"Levendula Vend\u00e9gh\u00e1z Lovas\"},\"image\":{\"@id\":\"https:\/\/www.levendula-vendeghaz.hu\/en\/#\/schema\/logo\/image\/\"},\"sameAs\":[\"https:\/\/www.facebook.com\/levendulavendeghazlovas\/\",\"https:\/\/www.instagram.com\/levendulavendeghazlovas\/\"]}]}<\/script>\n<!-- \/ Yoast SEO plugin. -->","yoast_head_json":{"title":"The Guesthouse &#187; Levendula Vend\u00e9gh\u00e1z Lovas &#187; Balatoni nyugalom, t\u00f6lt\u0151d\u00e9s","description":"Vannak otthonok, ahov\u00e1, ha bel\u00e9p az idegen, az a k\u00fcl\u00f6n\u00f6s \u00e9rzete t\u00e1mad, mintha haza\u00e9rkezett volna. \u00d6sszhangban a term\u00e9szettel.","robots":{"index":"index","follow":"follow","max-snippet":"max-snippet:-1","max-image-preview":"max-image-preview:large","max-video-preview":"max-video-preview:-1"},"canonical":"https:\/\/www.levendula-vendeghaz.hu\/en\/the-guesthouse\/","og_locale":"en_US","og_type":"article","og_title":"The Guesthouse &#187; Levendula Vend\u00e9gh\u00e1z Lovas &#187; Balatoni nyugalom, t\u00f6lt\u0151d\u00e9s","og_description":"Vannak otthonok, ahov\u00e1, ha bel\u00e9p az idegen, az a k\u00fcl\u00f6n\u00f6s \u00e9rzete t\u00e1mad, mintha haza\u00e9rkezett volna. \u00d6sszhangban a term\u00e9szettel.","og_url":"https:\/\/www.levendula-vendeghaz.hu\/en\/the-guesthouse\/","og_site_name":"Levendula Vend\u00e9gh\u00e1z Lovas","article_publisher":"https:\/\/www.facebook.com\/levendulavendeghazlovas\/","article_modified_time":"2019-12-09T14:44:58+00:00","og_image":[{"url":"https:\/\/www.levendula-vendeghaz.hu\/files\/DSC_9355-500x400.jpg","type":"","width":"","height":""}],"twitter_card":"summary_large_image","twitter_misc":{"Est. reading time":"2 minutes"},"schema":{"@context":"https:\/\/schema.org","@graph":[{"@type":"WebPage","@id":"https:\/\/www.levendula-vendeghaz.hu\/en\/the-guesthouse\/","url":"https:\/\/www.levendula-vendeghaz.hu\/en\/the-guesthouse\/","name":"The Guesthouse &#187; Levendula Vend\u00e9gh\u00e1z Lovas &#187; Balatoni nyugalom, t\u00f6lt\u0151d\u00e9s","isPartOf":{"@id":"https:\/\/www.levendula-vendeghaz.hu\/en\/#website"},"primaryImageOfPage":{"@id":"https:\/\/www.levendula-vendeghaz.hu\/en\/the-guesthouse\/#primaryimage"},"image":{"@id":"https:\/\/www.levendula-vendeghaz.hu\/en\/the-guesthouse\/#primaryimage"},"thumbnailUrl":"https:\/\/www.levendula-vendeghaz.hu\/files\/DSC_8791-300x200.jpg","datePublished":"2019-09-26T09:04:42+00:00","dateModified":"2019-12-09T14:44:58+00:00","description":"Vannak otthonok, ahov\u00e1, ha bel\u00e9p az idegen, az a k\u00fcl\u00f6n\u00f6s \u00e9rzete t\u00e1mad, mintha haza\u00e9rkezett volna. \u00d6sszhangban a term\u00e9szettel.","breadcrumb":{"@id":"https:\/\/www.levendula-vendeghaz.hu\/en\/the-guesthouse\/#breadcrumb"},"inLanguage":"en-US","potentialAction":[{"@type":"ReadAction","target":["https:\/\/www.levendula-vendeghaz.hu\/en\/the-guesthouse\/"]}]},{"@type":"ImageObject","inLanguage":"en-US","@id":"https:\/\/www.levendula-vendeghaz.hu\/en\/the-guesthouse\/#primaryimage","url":"https:\/\/www.levendula-vendeghaz.hu\/files\/DSC_8791-300x200.jpg","contentUrl":"https:\/\/www.levendula-vendeghaz.hu\/files\/DSC_8791-300x200.jpg"},{"@type":"BreadcrumbList","@id":"https:\/\/www.levendula-vendeghaz.hu\/en\/the-guesthouse\/#breadcrumb","itemListElement":[{"@type":"ListItem","position":1,"name":"Home","item":"https:\/\/www.levendula-vendeghaz.hu\/en\/"},{"@type":"ListItem","position":2,"name":"The Guesthouse"}]},{"@type":"WebSite","@id":"https:\/\/www.levendula-vendeghaz.hu\/en\/#website","url":"https:\/\/www.levendula-vendeghaz.hu\/en\/","name":"Levendula Vend\u00e9gh\u00e1z Lovas","description":"Vannak otthonok, ahov\u00e1, ha bel\u00e9p az idegen, az a k\u00fcl\u00f6n\u00f6s \u00e9rzete t\u00e1mad, mintha haza\u00e9rkezett volna. \u00d6sszhangban a term\u00e9szettel.","publisher":{"@id":"https:\/\/www.levendula-vendeghaz.hu\/en\/#organization"},"potentialAction":[{"@type":"SearchAction","target":{"@type":"EntryPoint","urlTemplate":"https:\/\/www.levendula-vendeghaz.hu\/en\/?s={search_term_string}"},"query-input":{"@type":"PropertyValueSpecification","valueRequired":true,"valueName":"search_term_string"}}],"inLanguage":"en-US"},{"@type":"Organization","@id":"https:\/\/www.levendula-vendeghaz.hu\/en\/#organization","name":"Levendula Vend\u00e9gh\u00e1z Lovas","url":"https:\/\/www.levendula-vendeghaz.hu\/en\/","logo":{"@type":"ImageObject","inLanguage":"en-US","@id":"https:\/\/www.levendula-vendeghaz.hu\/en\/#\/schema\/logo\/image\/","url":"https:\/\/www.levendula-vendeghaz.hu\/files\/levendula_vendeghaz_logo.png","contentUrl":"https:\/\/www.levendula-vendeghaz.hu\/files\/levendula_vendeghaz_logo.png","width":259,"height":97,"caption":"Levendula Vend\u00e9gh\u00e1z Lovas"},"image":{"@id":"https:\/\/www.levendula-vendeghaz.hu\/en\/#\/schema\/logo\/image\/"},"sameAs":["https:\/\/www.facebook.com\/levendulavendeghazlovas\/","https:\/\/www.instagram.com\/levendulavendeghazlovas\/"]}]}},"_links":{"self":[{"href":"https:\/\/www.levendula-vendeghaz.hu\/en\/wp-json\/wp\/v2\/pages\/475","targetHints":{"allow":["GET"]}}],"collection":[{"href":"https:\/\/www.levendula-vendeghaz.hu\/en\/wp-json\/wp\/v2\/pages"}],"about":[{"href":"https:\/\/www.levendula-vendeghaz.hu\/en\/wp-json\/wp\/v2\/types\/page"}],"author":[{"embeddable":true,"href":"https:\/\/www.levendula-vendeghaz.hu\/en\/wp-json\/wp\/v2\/users\/2"}],"replies":[{"embeddable":true,"href":"https:\/\/www.levendula-vendeghaz.hu\/en\/wp-json\/wp\/v2\/comments?post=475"}],"version-history":[{"count":0,"href":"https:\/\/www.levendula-vendeghaz.hu\/en\/wp-json\/wp\/v2\/pages\/475\/revisions"}],"wp:attachment":[{"href":"https:\/\/www.levendula-vendeghaz.hu\/en\/wp-json\/wp\/v2\/media?parent=475"}],"curies":[{"name":"wp","href":"https:\/\/api.w.org\/{rel}","templated":true}]}}