{"id":517,"date":"2019-09-26T19:10:07","date_gmt":"2019-09-26T19:10:07","guid":{"rendered":"https:\/\/www.levendula-vendeghaz.hu\/?page_id=517"},"modified":"2019-09-26T19:10:07","modified_gmt":"2019-09-26T19:10:07","slug":"castles","status":"publish","type":"page","link":"https:\/\/www.levendula-vendeghaz.hu\/en\/castles\/","title":{"rendered":"Castles"},"content":{"rendered":"<p><a class=\"category\" href=\"http:\/\/www.kinizsivar.hu\" target=\"_blank\" rel=\"nofollow noopener noreferrer\">Nagyv\u00e1zsonyi Kinizsi v\u00e1r (25 km)<\/a><\/p>\n<p>A Balaton-felvid\u00e9k kisebb-nagyobb lank\u00e1i k\u00f6z\u00f6tt tal\u00e1lhat\u00f3 Nagyv\u00e1zsony k\u00f6zs\u00e9ge, melynek egyik domboldal\u00e1ban t\u00f6r az \u00e9gbolt fel\u00e9 a k\u00f6z\u00e9pkori v\u00e1r lak\u00f3tornya. V\u00e1rj\u00e1t\u00e9kok, n\u00e9prajzi m\u00fazeum, postam\u00fazeum.<\/p>\n<p><img loading=\"lazy\" decoding=\"async\" class=\"img-fluid wp-image-503 size-medium aligncenter\" src=\"https:\/\/www.levendula-vendeghaz.hu\/files\/kinizsi-300x197.jpg\" alt=\"\" width=\"300\" height=\"197\" srcset=\"https:\/\/www.levendula-vendeghaz.hu\/files\/kinizsi-300x197.jpg 300w, https:\/\/www.levendula-vendeghaz.hu\/files\/kinizsi.jpg 580w\" sizes=\"auto, (max-width: 300px) 100vw, 300px\" \/><\/p>\n<p><a class=\"category\" href=\"http:\/\/www.sumegvar.hu\/\" target=\"_blank\" rel=\"nofollow noopener noreferrer\">S\u00fcmegi v\u00e1r (62 km)<\/a><\/p>\n<p>T\u00f6rt\u00e9nelmi Lovasj\u00e1t\u00e9kok &#8211; K\u00f6z\u00e9pkori lakom\u00e1k. Magyarorsz\u00e1gon az \u00fajkorban a S\u00fcmegi v\u00e1rban kezdtek els\u0151k\u00e9nt lovagi torn\u00e1kat rendezni.<\/p>\n<p><img loading=\"lazy\" decoding=\"async\" class=\"img-fluid wp-image-506 size-medium aligncenter\" src=\"https:\/\/www.levendula-vendeghaz.hu\/files\/s\u00fcmeg-300x169.jpg\" alt=\"\" width=\"300\" height=\"169\" srcset=\"https:\/\/www.levendula-vendeghaz.hu\/files\/s\u00fcmeg-300x169.jpg 300w, https:\/\/www.levendula-vendeghaz.hu\/files\/s\u00fcmeg.jpg 600w\" sizes=\"auto, (max-width: 300px) 100vw, 300px\" \/><\/p>\n<p><a class=\"category\" href=\"http:\/\/www.csesznekivar.hu\" target=\"_blank\" rel=\"nofollow noopener noreferrer\">Cseszneki v\u00e1r (46 km)<\/a><\/p>\n<p>T\u00f6rt\u00e9nelmi-, kultur\u00e1lis-, sportrendezv\u00e9nyek a Bakony sz\u00edv\u00e9ben a Cseszneki v\u00e1rban \u00e9s k\u00f6rny\u00e9k\u00e9n.<\/p>\n<p><img loading=\"lazy\" decoding=\"async\" class=\"img-fluid wp-image-508 size-medium aligncenter\" src=\"https:\/\/www.levendula-vendeghaz.hu\/files\/csesznek-300x225.jpg\" alt=\"\" width=\"300\" height=\"225\" srcset=\"https:\/\/www.levendula-vendeghaz.hu\/files\/csesznek-300x225.jpg 300w, https:\/\/www.levendula-vendeghaz.hu\/files\/csesznek.jpg 400w\" sizes=\"auto, (max-width: 300px) 100vw, 300px\" \/><\/p>\n","protected":false},"excerpt":{"rendered":"<p>Nagyv\u00e1zsonyi Kinizsi v\u00e1r (25 km) A Balaton-felvid\u00e9k kisebb-nagyobb lank\u00e1i k\u00f6z\u00f6tt tal\u00e1lhat\u00f3 Nagyv\u00e1zsony k\u00f6zs\u00e9ge, melynek egyik domboldal\u00e1ban t\u00f6r az \u00e9gbolt fel\u00e9 a k\u00f6z\u00e9pkori v\u00e1r lak\u00f3tornya. V\u00e1rj\u00e1t\u00e9kok, n\u00e9prajzi m\u00fazeum, postam\u00fazeum. S\u00fcmegi v\u00e1r (62 km) T\u00f6rt\u00e9nelmi Lovasj\u00e1t\u00e9kok &#8211; K\u00f6z\u00e9pkori lakom\u00e1k. Magyarorsz\u00e1gon az \u00fajkorban a S\u00fcmegi v\u00e1rban kezdtek els\u0151k\u00e9nt lovagi torn\u00e1kat rendezni. Cseszneki v\u00e1r (46 km) T\u00f6rt\u00e9nelmi-, kultur\u00e1lis-, sportrendezv\u00e9nyek <a href=\"https:\/\/www.levendula-vendeghaz.hu\/en\/castles\/\" class=\"more-link\">&#8230;<\/a><\/p>\n","protected":false},"author":2,"featured_media":0,"parent":0,"menu_order":0,"comment_status":"closed","ping_status":"closed","template":"","meta":{"footnotes":""},"class_list":["post-517","page","type-page","status-publish","hentry"],"yoast_head":"<!-- This site is optimized with the Yoast SEO plugin v26.7 - https:\/\/yoast.com\/wordpress\/plugins\/seo\/ -->\n<title>Castles &#187; Levendula Vend\u00e9gh\u00e1z Lovas &#187; Balatoni nyugalom, t\u00f6lt\u0151d\u00e9s<\/title>\n<meta name=\"description\" content=\"Vannak otthonok, ahov\u00e1, ha bel\u00e9p az idegen, az a k\u00fcl\u00f6n\u00f6s \u00e9rzete t\u00e1mad, mintha haza\u00e9rkezett volna. \u00d6sszhangban a term\u00e9szettel.\" \/>\n<meta name=\"robots\" content=\"index, follow, max-snippet:-1, max-image-preview:large, max-video-preview:-1\" \/>\n<link rel=\"canonical\" href=\"https:\/\/www.levendula-vendeghaz.hu\/en\/castles\/\" \/>\n<meta property=\"og:locale\" content=\"en_US\" \/>\n<meta property=\"og:type\" content=\"article\" \/>\n<meta property=\"og:title\" content=\"Castles &#187; Levendula Vend\u00e9gh\u00e1z Lovas &#187; Balatoni nyugalom, t\u00f6lt\u0151d\u00e9s\" \/>\n<meta property=\"og:description\" content=\"Vannak otthonok, ahov\u00e1, ha bel\u00e9p az idegen, az a k\u00fcl\u00f6n\u00f6s \u00e9rzete t\u00e1mad, mintha haza\u00e9rkezett volna. \u00d6sszhangban a term\u00e9szettel.\" \/>\n<meta property=\"og:url\" content=\"https:\/\/www.levendula-vendeghaz.hu\/en\/castles\/\" \/>\n<meta property=\"og:site_name\" content=\"Levendula Vend\u00e9gh\u00e1z Lovas\" \/>\n<meta property=\"article:publisher\" content=\"https:\/\/www.facebook.com\/levendulavendeghazlovas\/\" \/>\n<meta property=\"og:image\" content=\"https:\/\/www.levendula-vendeghaz.hu\/files\/kinizsi-300x197.jpg\" \/>\n<meta name=\"twitter:card\" content=\"summary_large_image\" \/>\n<meta name=\"twitter:label1\" content=\"Est. reading time\" \/>\n\t<meta name=\"twitter:data1\" content=\"1 minute\" \/>\n<script type=\"application\/ld+json\" class=\"yoast-schema-graph\">{\"@context\":\"https:\/\/schema.org\",\"@graph\":[{\"@type\":\"WebPage\",\"@id\":\"https:\/\/www.levendula-vendeghaz.hu\/en\/castles\/\",\"url\":\"https:\/\/www.levendula-vendeghaz.hu\/en\/castles\/\",\"name\":\"Castles &#187; Levendula Vend\u00e9gh\u00e1z Lovas &#187; Balatoni nyugalom, t\u00f6lt\u0151d\u00e9s\",\"isPartOf\":{\"@id\":\"https:\/\/www.levendula-vendeghaz.hu\/en\/#website\"},\"primaryImageOfPage\":{\"@id\":\"https:\/\/www.levendula-vendeghaz.hu\/en\/castles\/#primaryimage\"},\"image\":{\"@id\":\"https:\/\/www.levendula-vendeghaz.hu\/en\/castles\/#primaryimage\"},\"thumbnailUrl\":\"https:\/\/www.levendula-vendeghaz.hu\/files\/kinizsi-300x197.jpg\",\"datePublished\":\"2019-09-26T19:10:07+00:00\",\"description\":\"Vannak otthonok, ahov\u00e1, ha bel\u00e9p az idegen, az a k\u00fcl\u00f6n\u00f6s \u00e9rzete t\u00e1mad, mintha haza\u00e9rkezett volna. \u00d6sszhangban a term\u00e9szettel.\",\"breadcrumb\":{\"@id\":\"https:\/\/www.levendula-vendeghaz.hu\/en\/castles\/#breadcrumb\"},\"inLanguage\":\"en-US\",\"potentialAction\":[{\"@type\":\"ReadAction\",\"target\":[\"https:\/\/www.levendula-vendeghaz.hu\/en\/castles\/\"]}]},{\"@type\":\"ImageObject\",\"inLanguage\":\"en-US\",\"@id\":\"https:\/\/www.levendula-vendeghaz.hu\/en\/castles\/#primaryimage\",\"url\":\"https:\/\/www.levendula-vendeghaz.hu\/files\/kinizsi-300x197.jpg\",\"contentUrl\":\"https:\/\/www.levendula-vendeghaz.hu\/files\/kinizsi-300x197.jpg\"},{\"@type\":\"BreadcrumbList\",\"@id\":\"https:\/\/www.levendula-vendeghaz.hu\/en\/castles\/#breadcrumb\",\"itemListElement\":[{\"@type\":\"ListItem\",\"position\":1,\"name\":\"Home\",\"item\":\"https:\/\/www.levendula-vendeghaz.hu\/en\/\"},{\"@type\":\"ListItem\",\"position\":2,\"name\":\"Castles\"}]},{\"@type\":\"WebSite\",\"@id\":\"https:\/\/www.levendula-vendeghaz.hu\/en\/#website\",\"url\":\"https:\/\/www.levendula-vendeghaz.hu\/en\/\",\"name\":\"Levendula Vend\u00e9gh\u00e1z Lovas\",\"description\":\"Vannak otthonok, ahov\u00e1, ha bel\u00e9p az idegen, az a k\u00fcl\u00f6n\u00f6s \u00e9rzete t\u00e1mad, mintha haza\u00e9rkezett volna. \u00d6sszhangban a term\u00e9szettel.\",\"publisher\":{\"@id\":\"https:\/\/www.levendula-vendeghaz.hu\/en\/#organization\"},\"potentialAction\":[{\"@type\":\"SearchAction\",\"target\":{\"@type\":\"EntryPoint\",\"urlTemplate\":\"https:\/\/www.levendula-vendeghaz.hu\/en\/?s={search_term_string}\"},\"query-input\":{\"@type\":\"PropertyValueSpecification\",\"valueRequired\":true,\"valueName\":\"search_term_string\"}}],\"inLanguage\":\"en-US\"},{\"@type\":\"Organization\",\"@id\":\"https:\/\/www.levendula-vendeghaz.hu\/en\/#organization\",\"name\":\"Levendula Vend\u00e9gh\u00e1z Lovas\",\"url\":\"https:\/\/www.levendula-vendeghaz.hu\/en\/\",\"logo\":{\"@type\":\"ImageObject\",\"inLanguage\":\"en-US\",\"@id\":\"https:\/\/www.levendula-vendeghaz.hu\/en\/#\/schema\/logo\/image\/\",\"url\":\"https:\/\/www.levendula-vendeghaz.hu\/files\/levendula_vendeghaz_logo.png\",\"contentUrl\":\"https:\/\/www.levendula-vendeghaz.hu\/files\/levendula_vendeghaz_logo.png\",\"width\":259,\"height\":97,\"caption\":\"Levendula Vend\u00e9gh\u00e1z Lovas\"},\"image\":{\"@id\":\"https:\/\/www.levendula-vendeghaz.hu\/en\/#\/schema\/logo\/image\/\"},\"sameAs\":[\"https:\/\/www.facebook.com\/levendulavendeghazlovas\/\",\"https:\/\/www.instagram.com\/levendulavendeghazlovas\/\"]}]}<\/script>\n<!-- \/ Yoast SEO plugin. -->","yoast_head_json":{"title":"Castles &#187; Levendula Vend\u00e9gh\u00e1z Lovas &#187; Balatoni nyugalom, t\u00f6lt\u0151d\u00e9s","description":"Vannak otthonok, ahov\u00e1, ha bel\u00e9p az idegen, az a k\u00fcl\u00f6n\u00f6s \u00e9rzete t\u00e1mad, mintha haza\u00e9rkezett volna. \u00d6sszhangban a term\u00e9szettel.","robots":{"index":"index","follow":"follow","max-snippet":"max-snippet:-1","max-image-preview":"max-image-preview:large","max-video-preview":"max-video-preview:-1"},"canonical":"https:\/\/www.levendula-vendeghaz.hu\/en\/castles\/","og_locale":"en_US","og_type":"article","og_title":"Castles &#187; Levendula Vend\u00e9gh\u00e1z Lovas &#187; Balatoni nyugalom, t\u00f6lt\u0151d\u00e9s","og_description":"Vannak otthonok, ahov\u00e1, ha bel\u00e9p az idegen, az a k\u00fcl\u00f6n\u00f6s \u00e9rzete t\u00e1mad, mintha haza\u00e9rkezett volna. \u00d6sszhangban a term\u00e9szettel.","og_url":"https:\/\/www.levendula-vendeghaz.hu\/en\/castles\/","og_site_name":"Levendula Vend\u00e9gh\u00e1z Lovas","article_publisher":"https:\/\/www.facebook.com\/levendulavendeghazlovas\/","og_image":[{"url":"https:\/\/www.levendula-vendeghaz.hu\/files\/kinizsi-300x197.jpg","type":"","width":"","height":""}],"twitter_card":"summary_large_image","twitter_misc":{"Est. reading time":"1 minute"},"schema":{"@context":"https:\/\/schema.org","@graph":[{"@type":"WebPage","@id":"https:\/\/www.levendula-vendeghaz.hu\/en\/castles\/","url":"https:\/\/www.levendula-vendeghaz.hu\/en\/castles\/","name":"Castles &#187; Levendula Vend\u00e9gh\u00e1z Lovas &#187; Balatoni nyugalom, t\u00f6lt\u0151d\u00e9s","isPartOf":{"@id":"https:\/\/www.levendula-vendeghaz.hu\/en\/#website"},"primaryImageOfPage":{"@id":"https:\/\/www.levendula-vendeghaz.hu\/en\/castles\/#primaryimage"},"image":{"@id":"https:\/\/www.levendula-vendeghaz.hu\/en\/castles\/#primaryimage"},"thumbnailUrl":"https:\/\/www.levendula-vendeghaz.hu\/files\/kinizsi-300x197.jpg","datePublished":"2019-09-26T19:10:07+00:00","description":"Vannak otthonok, ahov\u00e1, ha bel\u00e9p az idegen, az a k\u00fcl\u00f6n\u00f6s \u00e9rzete t\u00e1mad, mintha haza\u00e9rkezett volna. \u00d6sszhangban a term\u00e9szettel.","breadcrumb":{"@id":"https:\/\/www.levendula-vendeghaz.hu\/en\/castles\/#breadcrumb"},"inLanguage":"en-US","potentialAction":[{"@type":"ReadAction","target":["https:\/\/www.levendula-vendeghaz.hu\/en\/castles\/"]}]},{"@type":"ImageObject","inLanguage":"en-US","@id":"https:\/\/www.levendula-vendeghaz.hu\/en\/castles\/#primaryimage","url":"https:\/\/www.levendula-vendeghaz.hu\/files\/kinizsi-300x197.jpg","contentUrl":"https:\/\/www.levendula-vendeghaz.hu\/files\/kinizsi-300x197.jpg"},{"@type":"BreadcrumbList","@id":"https:\/\/www.levendula-vendeghaz.hu\/en\/castles\/#breadcrumb","itemListElement":[{"@type":"ListItem","position":1,"name":"Home","item":"https:\/\/www.levendula-vendeghaz.hu\/en\/"},{"@type":"ListItem","position":2,"name":"Castles"}]},{"@type":"WebSite","@id":"https:\/\/www.levendula-vendeghaz.hu\/en\/#website","url":"https:\/\/www.levendula-vendeghaz.hu\/en\/","name":"Levendula Vend\u00e9gh\u00e1z Lovas","description":"Vannak otthonok, ahov\u00e1, ha bel\u00e9p az idegen, az a k\u00fcl\u00f6n\u00f6s \u00e9rzete t\u00e1mad, mintha haza\u00e9rkezett volna. \u00d6sszhangban a term\u00e9szettel.","publisher":{"@id":"https:\/\/www.levendula-vendeghaz.hu\/en\/#organization"},"potentialAction":[{"@type":"SearchAction","target":{"@type":"EntryPoint","urlTemplate":"https:\/\/www.levendula-vendeghaz.hu\/en\/?s={search_term_string}"},"query-input":{"@type":"PropertyValueSpecification","valueRequired":true,"valueName":"search_term_string"}}],"inLanguage":"en-US"},{"@type":"Organization","@id":"https:\/\/www.levendula-vendeghaz.hu\/en\/#organization","name":"Levendula Vend\u00e9gh\u00e1z Lovas","url":"https:\/\/www.levendula-vendeghaz.hu\/en\/","logo":{"@type":"ImageObject","inLanguage":"en-US","@id":"https:\/\/www.levendula-vendeghaz.hu\/en\/#\/schema\/logo\/image\/","url":"https:\/\/www.levendula-vendeghaz.hu\/files\/levendula_vendeghaz_logo.png","contentUrl":"https:\/\/www.levendula-vendeghaz.hu\/files\/levendula_vendeghaz_logo.png","width":259,"height":97,"caption":"Levendula Vend\u00e9gh\u00e1z Lovas"},"image":{"@id":"https:\/\/www.levendula-vendeghaz.hu\/en\/#\/schema\/logo\/image\/"},"sameAs":["https:\/\/www.facebook.com\/levendulavendeghazlovas\/","https:\/\/www.instagram.com\/levendulavendeghazlovas\/"]}]}},"_links":{"self":[{"href":"https:\/\/www.levendula-vendeghaz.hu\/en\/wp-json\/wp\/v2\/pages\/517","targetHints":{"allow":["GET"]}}],"collection":[{"href":"https:\/\/www.levendula-vendeghaz.hu\/en\/wp-json\/wp\/v2\/pages"}],"about":[{"href":"https:\/\/www.levendula-vendeghaz.hu\/en\/wp-json\/wp\/v2\/types\/page"}],"author":[{"embeddable":true,"href":"https:\/\/www.levendula-vendeghaz.hu\/en\/wp-json\/wp\/v2\/users\/2"}],"replies":[{"embeddable":true,"href":"https:\/\/www.levendula-vendeghaz.hu\/en\/wp-json\/wp\/v2\/comments?post=517"}],"version-history":[{"count":0,"href":"https:\/\/www.levendula-vendeghaz.hu\/en\/wp-json\/wp\/v2\/pages\/517\/revisions"}],"wp:attachment":[{"href":"https:\/\/www.levendula-vendeghaz.hu\/en\/wp-json\/wp\/v2\/media?parent=517"}],"curies":[{"name":"wp","href":"https:\/\/api.w.org\/{rel}","templated":true}]}}