{"id":518,"date":"2019-09-26T12:28:37","date_gmt":"2019-09-26T12:28:37","guid":{"rendered":"https:\/\/www.levendula-vendeghaz.hu\/?page_id=518"},"modified":"2019-12-10T14:02:35","modified_gmt":"2019-12-10T13:02:35","slug":"festivals","status":"publish","type":"page","link":"https:\/\/www.levendula-vendeghaz.hu\/en\/festivals\/","title":{"rendered":"Festivals"},"content":{"rendered":"<h3>Paloznak (1 km)<\/h3>\n<p><a href=\"https:\/\/jazzpiknik.hu\/\">Paloznaki Jazz Piknik 2020.07.30-08.01.<\/a><\/p>\n<h3>Als\u00f3\u00f6rs (2 km)<\/h3>\n<p><a href=\"http:\/\/www.zorallsorolimpia.hu\/\">Zorall S\u00f6rolimpia 2020.08.26-29.<\/a><\/p>\n<h3><img loading=\"lazy\" decoding=\"async\" class=\"img-fluid aligncenter wp-image-537 size-medium\" src=\"https:\/\/www.levendula-vendeghaz.hu\/files\/fesztival-300x200.jpg\" alt=\"\" width=\"300\" height=\"200\" srcset=\"https:\/\/www.levendula-vendeghaz.hu\/files\/fesztival-300x200.jpg 300w, https:\/\/www.levendula-vendeghaz.hu\/files\/fesztival.jpg 774w\" sizes=\"auto, (max-width: 300px) 100vw, 300px\" \/><\/h3>\n<h3>Balatonf\u00fcred (9 km)<\/h3>\n<p><a href=\"http:\/\/hssf.eu\/\">Hungarian Summer Salsa and Sensual Festival 2020.07.09-14.<\/a><\/p>\n<p>Balatoni Hal \u00e9s Bor\u00fcnnep 2020.06.07-10.<\/p>\n<p><a href=\"https:\/\/kekszalag.reblog.hu\/\">K\u00e9kszalag vitorl\u00e1sverseny 2020.07.18-20.<\/a><\/p>\n<p><a href=\"https:\/\/www.annabal.hu\/\" target=\"_blank\" rel=\"noopener noreferrer\">Annab\u00e1l<\/a><\/p>\n<p><a href=\"http:\/\/turizmus.balatonfured.hu\/\" target=\"_blank\" rel=\"noopener noreferrer\">Balatonf\u00fcredi rendezv\u00e9nyek<\/a><\/p>\n<h3>Veszpr\u00e9m (15 km)<\/h3>\n<p><a href=\"http:\/\/www.utcazene.hu\/\">Veszpr\u00e9mi Utcazene Fesztiv\u00e1l 2020.07.17-20.<\/a><\/p>\n<p><a href=\"https:\/\/veszpremfest.hu\/\">Veszpr\u00e9mfest 2020.07.10-13.<\/a><\/p>\n<p><a href=\"https:\/\/veszpreminfo.hu\/\">Veszpr\u00e9mi rendezv\u00e9nyek<\/a><\/p>\n<h3>Kapolcs (40 km)<\/h3>\n<p><a href=\"https:\/\/www.muveszetekvolgye.hu\/\">M\u0171v\u00e9szetek V\u00f6lgye Fesztiv\u00e1l 2020.07.17-26.<\/a><\/p>\n","protected":false},"excerpt":{"rendered":"<p>Paloznak (1 km) Paloznaki Jazz Piknik 2020.07.30-08.01. Als\u00f3\u00f6rs (2 km) Zorall S\u00f6rolimpia 2020.08.26-29. Balatonf\u00fcred (9 km) Hungarian Summer Salsa and Sensual Festival 2020.07.09-14. Balatoni Hal \u00e9s Bor\u00fcnnep 2020.06.07-10. K\u00e9kszalag vitorl\u00e1sverseny 2020.07.18-20. Annab\u00e1l Balatonf\u00fcredi rendezv\u00e9nyek Veszpr\u00e9m (15 km) Veszpr\u00e9mi Utcazene Fesztiv\u00e1l 2020.07.17-20. Veszpr\u00e9mfest 2020.07.10-13. Veszpr\u00e9mi rendezv\u00e9nyek Kapolcs (40 km) M\u0171v\u00e9szetek V\u00f6lgye Fesztiv\u00e1l 2020.07.17-26.<\/p>\n","protected":false},"author":2,"featured_media":0,"parent":0,"menu_order":0,"comment_status":"closed","ping_status":"closed","template":"","meta":{"footnotes":""},"class_list":["post-518","page","type-page","status-publish","hentry"],"yoast_head":"<!-- This site is optimized with the Yoast SEO plugin v26.7 - https:\/\/yoast.com\/wordpress\/plugins\/seo\/ -->\n<title>Festivals &#187; Levendula Vend\u00e9gh\u00e1z Lovas &#187; Balatoni nyugalom, t\u00f6lt\u0151d\u00e9s<\/title>\n<meta name=\"description\" content=\"Vannak otthonok, ahov\u00e1, ha bel\u00e9p az idegen, az a k\u00fcl\u00f6n\u00f6s \u00e9rzete t\u00e1mad, mintha haza\u00e9rkezett volna. \u00d6sszhangban a term\u00e9szettel.\" \/>\n<meta name=\"robots\" content=\"index, follow, max-snippet:-1, max-image-preview:large, max-video-preview:-1\" \/>\n<link rel=\"canonical\" href=\"https:\/\/www.levendula-vendeghaz.hu\/en\/festivals\/\" \/>\n<meta property=\"og:locale\" content=\"en_US\" \/>\n<meta property=\"og:type\" content=\"article\" \/>\n<meta property=\"og:title\" content=\"Festivals &#187; Levendula Vend\u00e9gh\u00e1z Lovas &#187; Balatoni nyugalom, t\u00f6lt\u0151d\u00e9s\" \/>\n<meta property=\"og:description\" content=\"Vannak otthonok, ahov\u00e1, ha bel\u00e9p az idegen, az a k\u00fcl\u00f6n\u00f6s \u00e9rzete t\u00e1mad, mintha haza\u00e9rkezett volna. \u00d6sszhangban a term\u00e9szettel.\" \/>\n<meta property=\"og:url\" content=\"https:\/\/www.levendula-vendeghaz.hu\/en\/festivals\/\" \/>\n<meta property=\"og:site_name\" content=\"Levendula Vend\u00e9gh\u00e1z Lovas\" \/>\n<meta property=\"article:publisher\" content=\"https:\/\/www.facebook.com\/levendulavendeghazlovas\/\" \/>\n<meta property=\"article:modified_time\" content=\"2019-12-10T13:02:35+00:00\" \/>\n<meta property=\"og:image\" content=\"https:\/\/www.levendula-vendeghaz.hu\/files\/fesztival-300x200.jpg\" \/>\n<meta name=\"twitter:card\" content=\"summary_large_image\" \/>\n<script type=\"application\/ld+json\" class=\"yoast-schema-graph\">{\"@context\":\"https:\/\/schema.org\",\"@graph\":[{\"@type\":\"WebPage\",\"@id\":\"https:\/\/www.levendula-vendeghaz.hu\/en\/festivals\/\",\"url\":\"https:\/\/www.levendula-vendeghaz.hu\/en\/festivals\/\",\"name\":\"Festivals &#187; Levendula Vend\u00e9gh\u00e1z Lovas &#187; Balatoni nyugalom, t\u00f6lt\u0151d\u00e9s\",\"isPartOf\":{\"@id\":\"https:\/\/www.levendula-vendeghaz.hu\/en\/#website\"},\"primaryImageOfPage\":{\"@id\":\"https:\/\/www.levendula-vendeghaz.hu\/en\/festivals\/#primaryimage\"},\"image\":{\"@id\":\"https:\/\/www.levendula-vendeghaz.hu\/en\/festivals\/#primaryimage\"},\"thumbnailUrl\":\"https:\/\/www.levendula-vendeghaz.hu\/files\/fesztival-300x200.jpg\",\"datePublished\":\"2019-09-26T12:28:37+00:00\",\"dateModified\":\"2019-12-10T13:02:35+00:00\",\"description\":\"Vannak otthonok, ahov\u00e1, ha bel\u00e9p az idegen, az a k\u00fcl\u00f6n\u00f6s \u00e9rzete t\u00e1mad, mintha haza\u00e9rkezett volna. \u00d6sszhangban a term\u00e9szettel.\",\"breadcrumb\":{\"@id\":\"https:\/\/www.levendula-vendeghaz.hu\/en\/festivals\/#breadcrumb\"},\"inLanguage\":\"en-US\",\"potentialAction\":[{\"@type\":\"ReadAction\",\"target\":[\"https:\/\/www.levendula-vendeghaz.hu\/en\/festivals\/\"]}]},{\"@type\":\"ImageObject\",\"inLanguage\":\"en-US\",\"@id\":\"https:\/\/www.levendula-vendeghaz.hu\/en\/festivals\/#primaryimage\",\"url\":\"https:\/\/www.levendula-vendeghaz.hu\/files\/fesztival-300x200.jpg\",\"contentUrl\":\"https:\/\/www.levendula-vendeghaz.hu\/files\/fesztival-300x200.jpg\"},{\"@type\":\"BreadcrumbList\",\"@id\":\"https:\/\/www.levendula-vendeghaz.hu\/en\/festivals\/#breadcrumb\",\"itemListElement\":[{\"@type\":\"ListItem\",\"position\":1,\"name\":\"Home\",\"item\":\"https:\/\/www.levendula-vendeghaz.hu\/en\/\"},{\"@type\":\"ListItem\",\"position\":2,\"name\":\"Festivals\"}]},{\"@type\":\"WebSite\",\"@id\":\"https:\/\/www.levendula-vendeghaz.hu\/en\/#website\",\"url\":\"https:\/\/www.levendula-vendeghaz.hu\/en\/\",\"name\":\"Levendula Vend\u00e9gh\u00e1z Lovas\",\"description\":\"Vannak otthonok, ahov\u00e1, ha bel\u00e9p az idegen, az a k\u00fcl\u00f6n\u00f6s \u00e9rzete t\u00e1mad, mintha haza\u00e9rkezett volna. \u00d6sszhangban a term\u00e9szettel.\",\"publisher\":{\"@id\":\"https:\/\/www.levendula-vendeghaz.hu\/en\/#organization\"},\"potentialAction\":[{\"@type\":\"SearchAction\",\"target\":{\"@type\":\"EntryPoint\",\"urlTemplate\":\"https:\/\/www.levendula-vendeghaz.hu\/en\/?s={search_term_string}\"},\"query-input\":{\"@type\":\"PropertyValueSpecification\",\"valueRequired\":true,\"valueName\":\"search_term_string\"}}],\"inLanguage\":\"en-US\"},{\"@type\":\"Organization\",\"@id\":\"https:\/\/www.levendula-vendeghaz.hu\/en\/#organization\",\"name\":\"Levendula Vend\u00e9gh\u00e1z Lovas\",\"url\":\"https:\/\/www.levendula-vendeghaz.hu\/en\/\",\"logo\":{\"@type\":\"ImageObject\",\"inLanguage\":\"en-US\",\"@id\":\"https:\/\/www.levendula-vendeghaz.hu\/en\/#\/schema\/logo\/image\/\",\"url\":\"https:\/\/www.levendula-vendeghaz.hu\/files\/levendula_vendeghaz_logo.png\",\"contentUrl\":\"https:\/\/www.levendula-vendeghaz.hu\/files\/levendula_vendeghaz_logo.png\",\"width\":259,\"height\":97,\"caption\":\"Levendula Vend\u00e9gh\u00e1z Lovas\"},\"image\":{\"@id\":\"https:\/\/www.levendula-vendeghaz.hu\/en\/#\/schema\/logo\/image\/\"},\"sameAs\":[\"https:\/\/www.facebook.com\/levendulavendeghazlovas\/\",\"https:\/\/www.instagram.com\/levendulavendeghazlovas\/\"]}]}<\/script>\n<!-- \/ Yoast SEO plugin. -->","yoast_head_json":{"title":"Festivals &#187; Levendula Vend\u00e9gh\u00e1z Lovas &#187; Balatoni nyugalom, t\u00f6lt\u0151d\u00e9s","description":"Vannak otthonok, ahov\u00e1, ha bel\u00e9p az idegen, az a k\u00fcl\u00f6n\u00f6s \u00e9rzete t\u00e1mad, mintha haza\u00e9rkezett volna. \u00d6sszhangban a term\u00e9szettel.","robots":{"index":"index","follow":"follow","max-snippet":"max-snippet:-1","max-image-preview":"max-image-preview:large","max-video-preview":"max-video-preview:-1"},"canonical":"https:\/\/www.levendula-vendeghaz.hu\/en\/festivals\/","og_locale":"en_US","og_type":"article","og_title":"Festivals &#187; Levendula Vend\u00e9gh\u00e1z Lovas &#187; Balatoni nyugalom, t\u00f6lt\u0151d\u00e9s","og_description":"Vannak otthonok, ahov\u00e1, ha bel\u00e9p az idegen, az a k\u00fcl\u00f6n\u00f6s \u00e9rzete t\u00e1mad, mintha haza\u00e9rkezett volna. \u00d6sszhangban a term\u00e9szettel.","og_url":"https:\/\/www.levendula-vendeghaz.hu\/en\/festivals\/","og_site_name":"Levendula Vend\u00e9gh\u00e1z Lovas","article_publisher":"https:\/\/www.facebook.com\/levendulavendeghazlovas\/","article_modified_time":"2019-12-10T13:02:35+00:00","og_image":[{"url":"https:\/\/www.levendula-vendeghaz.hu\/files\/fesztival-300x200.jpg","type":"","width":"","height":""}],"twitter_card":"summary_large_image","schema":{"@context":"https:\/\/schema.org","@graph":[{"@type":"WebPage","@id":"https:\/\/www.levendula-vendeghaz.hu\/en\/festivals\/","url":"https:\/\/www.levendula-vendeghaz.hu\/en\/festivals\/","name":"Festivals &#187; Levendula Vend\u00e9gh\u00e1z Lovas &#187; Balatoni nyugalom, t\u00f6lt\u0151d\u00e9s","isPartOf":{"@id":"https:\/\/www.levendula-vendeghaz.hu\/en\/#website"},"primaryImageOfPage":{"@id":"https:\/\/www.levendula-vendeghaz.hu\/en\/festivals\/#primaryimage"},"image":{"@id":"https:\/\/www.levendula-vendeghaz.hu\/en\/festivals\/#primaryimage"},"thumbnailUrl":"https:\/\/www.levendula-vendeghaz.hu\/files\/fesztival-300x200.jpg","datePublished":"2019-09-26T12:28:37+00:00","dateModified":"2019-12-10T13:02:35+00:00","description":"Vannak otthonok, ahov\u00e1, ha bel\u00e9p az idegen, az a k\u00fcl\u00f6n\u00f6s \u00e9rzete t\u00e1mad, mintha haza\u00e9rkezett volna. \u00d6sszhangban a term\u00e9szettel.","breadcrumb":{"@id":"https:\/\/www.levendula-vendeghaz.hu\/en\/festivals\/#breadcrumb"},"inLanguage":"en-US","potentialAction":[{"@type":"ReadAction","target":["https:\/\/www.levendula-vendeghaz.hu\/en\/festivals\/"]}]},{"@type":"ImageObject","inLanguage":"en-US","@id":"https:\/\/www.levendula-vendeghaz.hu\/en\/festivals\/#primaryimage","url":"https:\/\/www.levendula-vendeghaz.hu\/files\/fesztival-300x200.jpg","contentUrl":"https:\/\/www.levendula-vendeghaz.hu\/files\/fesztival-300x200.jpg"},{"@type":"BreadcrumbList","@id":"https:\/\/www.levendula-vendeghaz.hu\/en\/festivals\/#breadcrumb","itemListElement":[{"@type":"ListItem","position":1,"name":"Home","item":"https:\/\/www.levendula-vendeghaz.hu\/en\/"},{"@type":"ListItem","position":2,"name":"Festivals"}]},{"@type":"WebSite","@id":"https:\/\/www.levendula-vendeghaz.hu\/en\/#website","url":"https:\/\/www.levendula-vendeghaz.hu\/en\/","name":"Levendula Vend\u00e9gh\u00e1z Lovas","description":"Vannak otthonok, ahov\u00e1, ha bel\u00e9p az idegen, az a k\u00fcl\u00f6n\u00f6s \u00e9rzete t\u00e1mad, mintha haza\u00e9rkezett volna. \u00d6sszhangban a term\u00e9szettel.","publisher":{"@id":"https:\/\/www.levendula-vendeghaz.hu\/en\/#organization"},"potentialAction":[{"@type":"SearchAction","target":{"@type":"EntryPoint","urlTemplate":"https:\/\/www.levendula-vendeghaz.hu\/en\/?s={search_term_string}"},"query-input":{"@type":"PropertyValueSpecification","valueRequired":true,"valueName":"search_term_string"}}],"inLanguage":"en-US"},{"@type":"Organization","@id":"https:\/\/www.levendula-vendeghaz.hu\/en\/#organization","name":"Levendula Vend\u00e9gh\u00e1z Lovas","url":"https:\/\/www.levendula-vendeghaz.hu\/en\/","logo":{"@type":"ImageObject","inLanguage":"en-US","@id":"https:\/\/www.levendula-vendeghaz.hu\/en\/#\/schema\/logo\/image\/","url":"https:\/\/www.levendula-vendeghaz.hu\/files\/levendula_vendeghaz_logo.png","contentUrl":"https:\/\/www.levendula-vendeghaz.hu\/files\/levendula_vendeghaz_logo.png","width":259,"height":97,"caption":"Levendula Vend\u00e9gh\u00e1z Lovas"},"image":{"@id":"https:\/\/www.levendula-vendeghaz.hu\/en\/#\/schema\/logo\/image\/"},"sameAs":["https:\/\/www.facebook.com\/levendulavendeghazlovas\/","https:\/\/www.instagram.com\/levendulavendeghazlovas\/"]}]}},"_links":{"self":[{"href":"https:\/\/www.levendula-vendeghaz.hu\/en\/wp-json\/wp\/v2\/pages\/518","targetHints":{"allow":["GET"]}}],"collection":[{"href":"https:\/\/www.levendula-vendeghaz.hu\/en\/wp-json\/wp\/v2\/pages"}],"about":[{"href":"https:\/\/www.levendula-vendeghaz.hu\/en\/wp-json\/wp\/v2\/types\/page"}],"author":[{"embeddable":true,"href":"https:\/\/www.levendula-vendeghaz.hu\/en\/wp-json\/wp\/v2\/users\/2"}],"replies":[{"embeddable":true,"href":"https:\/\/www.levendula-vendeghaz.hu\/en\/wp-json\/wp\/v2\/comments?post=518"}],"version-history":[{"count":0,"href":"https:\/\/www.levendula-vendeghaz.hu\/en\/wp-json\/wp\/v2\/pages\/518\/revisions"}],"wp:attachment":[{"href":"https:\/\/www.levendula-vendeghaz.hu\/en\/wp-json\/wp\/v2\/media?parent=518"}],"curies":[{"name":"wp","href":"https:\/\/api.w.org\/{rel}","templated":true}]}}