{"id":524,"date":"2019-09-26T19:18:56","date_gmt":"2019-09-26T19:18:56","guid":{"rendered":"https:\/\/www.levendula-vendeghaz.hu\/?page_id=524"},"modified":"2019-09-26T19:18:56","modified_gmt":"2019-09-26T19:18:56","slug":"for-kids","status":"publish","type":"page","link":"https:\/\/www.levendula-vendeghaz.hu\/en\/for-kids\/","title":{"rendered":"For Kids"},"content":{"rendered":"<h3>J\u00e1tsz\u00f3terek, j\u00e1tsz\u00f3h\u00e1zak<\/h3>\n<h4>Legk\u00f6zelebbi:<\/h4>\n<p>Paloznaki j\u00e1tsz\u00f3t\u00e9r<\/p>\n<p>Veszpr\u00e9m Tesco<\/p>\n<h4>Amit nem \u00e9rdemes kihagyni:<\/h4>\n","protected":false},"excerpt":{"rendered":"<p>J\u00e1tsz\u00f3terek, j\u00e1tsz\u00f3h\u00e1zak Legk\u00f6zelebbi: Paloznaki j\u00e1tsz\u00f3t\u00e9r Veszpr\u00e9m Tesco Amit nem \u00e9rdemes kihagyni:<\/p>\n","protected":false},"author":2,"featured_media":0,"parent":0,"menu_order":0,"comment_status":"closed","ping_status":"closed","template":"","meta":{"footnotes":""},"class_list":["post-524","page","type-page","status-publish","hentry"],"yoast_head":"<!-- This site is optimized with the Yoast SEO plugin v26.7 - https:\/\/yoast.com\/wordpress\/plugins\/seo\/ -->\n<title>For Kids &#187; Levendula Vend\u00e9gh\u00e1z Lovas &#187; Balatoni nyugalom, t\u00f6lt\u0151d\u00e9s<\/title>\n<meta name=\"description\" content=\"Vannak otthonok, ahov\u00e1, ha bel\u00e9p az idegen, az a k\u00fcl\u00f6n\u00f6s \u00e9rzete t\u00e1mad, mintha haza\u00e9rkezett volna. \u00d6sszhangban a term\u00e9szettel.\" \/>\n<meta name=\"robots\" content=\"index, follow, max-snippet:-1, max-image-preview:large, max-video-preview:-1\" \/>\n<link rel=\"canonical\" href=\"https:\/\/www.levendula-vendeghaz.hu\/en\/for-kids\/\" \/>\n<meta property=\"og:locale\" content=\"en_US\" \/>\n<meta property=\"og:type\" content=\"article\" \/>\n<meta property=\"og:title\" content=\"For Kids &#187; Levendula Vend\u00e9gh\u00e1z Lovas &#187; Balatoni nyugalom, t\u00f6lt\u0151d\u00e9s\" \/>\n<meta property=\"og:description\" content=\"Vannak otthonok, ahov\u00e1, ha bel\u00e9p az idegen, az a k\u00fcl\u00f6n\u00f6s \u00e9rzete t\u00e1mad, mintha haza\u00e9rkezett volna. \u00d6sszhangban a term\u00e9szettel.\" \/>\n<meta property=\"og:url\" content=\"https:\/\/www.levendula-vendeghaz.hu\/en\/for-kids\/\" \/>\n<meta property=\"og:site_name\" content=\"Levendula Vend\u00e9gh\u00e1z Lovas\" \/>\n<meta property=\"article:publisher\" content=\"https:\/\/www.facebook.com\/levendulavendeghazlovas\/\" \/>\n<meta name=\"twitter:card\" content=\"summary_large_image\" \/>\n<script type=\"application\/ld+json\" class=\"yoast-schema-graph\">{\"@context\":\"https:\/\/schema.org\",\"@graph\":[{\"@type\":\"WebPage\",\"@id\":\"https:\/\/www.levendula-vendeghaz.hu\/en\/for-kids\/\",\"url\":\"https:\/\/www.levendula-vendeghaz.hu\/en\/for-kids\/\",\"name\":\"For Kids &#187; Levendula Vend\u00e9gh\u00e1z Lovas &#187; Balatoni nyugalom, t\u00f6lt\u0151d\u00e9s\",\"isPartOf\":{\"@id\":\"https:\/\/www.levendula-vendeghaz.hu\/en\/#website\"},\"datePublished\":\"2019-09-26T19:18:56+00:00\",\"description\":\"Vannak otthonok, ahov\u00e1, ha bel\u00e9p az idegen, az a k\u00fcl\u00f6n\u00f6s \u00e9rzete t\u00e1mad, mintha haza\u00e9rkezett volna. \u00d6sszhangban a term\u00e9szettel.\",\"breadcrumb\":{\"@id\":\"https:\/\/www.levendula-vendeghaz.hu\/en\/for-kids\/#breadcrumb\"},\"inLanguage\":\"en-US\",\"potentialAction\":[{\"@type\":\"ReadAction\",\"target\":[\"https:\/\/www.levendula-vendeghaz.hu\/en\/for-kids\/\"]}]},{\"@type\":\"BreadcrumbList\",\"@id\":\"https:\/\/www.levendula-vendeghaz.hu\/en\/for-kids\/#breadcrumb\",\"itemListElement\":[{\"@type\":\"ListItem\",\"position\":1,\"name\":\"Home\",\"item\":\"https:\/\/www.levendula-vendeghaz.hu\/en\/\"},{\"@type\":\"ListItem\",\"position\":2,\"name\":\"For Kids\"}]},{\"@type\":\"WebSite\",\"@id\":\"https:\/\/www.levendula-vendeghaz.hu\/en\/#website\",\"url\":\"https:\/\/www.levendula-vendeghaz.hu\/en\/\",\"name\":\"Levendula Vend\u00e9gh\u00e1z Lovas\",\"description\":\"Vannak otthonok, ahov\u00e1, ha bel\u00e9p az idegen, az a k\u00fcl\u00f6n\u00f6s \u00e9rzete t\u00e1mad, mintha haza\u00e9rkezett volna. \u00d6sszhangban a term\u00e9szettel.\",\"publisher\":{\"@id\":\"https:\/\/www.levendula-vendeghaz.hu\/en\/#organization\"},\"potentialAction\":[{\"@type\":\"SearchAction\",\"target\":{\"@type\":\"EntryPoint\",\"urlTemplate\":\"https:\/\/www.levendula-vendeghaz.hu\/en\/?s={search_term_string}\"},\"query-input\":{\"@type\":\"PropertyValueSpecification\",\"valueRequired\":true,\"valueName\":\"search_term_string\"}}],\"inLanguage\":\"en-US\"},{\"@type\":\"Organization\",\"@id\":\"https:\/\/www.levendula-vendeghaz.hu\/en\/#organization\",\"name\":\"Levendula Vend\u00e9gh\u00e1z Lovas\",\"url\":\"https:\/\/www.levendula-vendeghaz.hu\/en\/\",\"logo\":{\"@type\":\"ImageObject\",\"inLanguage\":\"en-US\",\"@id\":\"https:\/\/www.levendula-vendeghaz.hu\/en\/#\/schema\/logo\/image\/\",\"url\":\"https:\/\/www.levendula-vendeghaz.hu\/files\/levendula_vendeghaz_logo.png\",\"contentUrl\":\"https:\/\/www.levendula-vendeghaz.hu\/files\/levendula_vendeghaz_logo.png\",\"width\":259,\"height\":97,\"caption\":\"Levendula Vend\u00e9gh\u00e1z Lovas\"},\"image\":{\"@id\":\"https:\/\/www.levendula-vendeghaz.hu\/en\/#\/schema\/logo\/image\/\"},\"sameAs\":[\"https:\/\/www.facebook.com\/levendulavendeghazlovas\/\",\"https:\/\/www.instagram.com\/levendulavendeghazlovas\/\"]}]}<\/script>\n<!-- \/ Yoast SEO plugin. -->","yoast_head_json":{"title":"For Kids &#187; Levendula Vend\u00e9gh\u00e1z Lovas &#187; Balatoni nyugalom, t\u00f6lt\u0151d\u00e9s","description":"Vannak otthonok, ahov\u00e1, ha bel\u00e9p az idegen, az a k\u00fcl\u00f6n\u00f6s \u00e9rzete t\u00e1mad, mintha haza\u00e9rkezett volna. \u00d6sszhangban a term\u00e9szettel.","robots":{"index":"index","follow":"follow","max-snippet":"max-snippet:-1","max-image-preview":"max-image-preview:large","max-video-preview":"max-video-preview:-1"},"canonical":"https:\/\/www.levendula-vendeghaz.hu\/en\/for-kids\/","og_locale":"en_US","og_type":"article","og_title":"For Kids &#187; Levendula Vend\u00e9gh\u00e1z Lovas &#187; Balatoni nyugalom, t\u00f6lt\u0151d\u00e9s","og_description":"Vannak otthonok, ahov\u00e1, ha bel\u00e9p az idegen, az a k\u00fcl\u00f6n\u00f6s \u00e9rzete t\u00e1mad, mintha haza\u00e9rkezett volna. \u00d6sszhangban a term\u00e9szettel.","og_url":"https:\/\/www.levendula-vendeghaz.hu\/en\/for-kids\/","og_site_name":"Levendula Vend\u00e9gh\u00e1z Lovas","article_publisher":"https:\/\/www.facebook.com\/levendulavendeghazlovas\/","twitter_card":"summary_large_image","schema":{"@context":"https:\/\/schema.org","@graph":[{"@type":"WebPage","@id":"https:\/\/www.levendula-vendeghaz.hu\/en\/for-kids\/","url":"https:\/\/www.levendula-vendeghaz.hu\/en\/for-kids\/","name":"For Kids &#187; Levendula Vend\u00e9gh\u00e1z Lovas &#187; Balatoni nyugalom, t\u00f6lt\u0151d\u00e9s","isPartOf":{"@id":"https:\/\/www.levendula-vendeghaz.hu\/en\/#website"},"datePublished":"2019-09-26T19:18:56+00:00","description":"Vannak otthonok, ahov\u00e1, ha bel\u00e9p az idegen, az a k\u00fcl\u00f6n\u00f6s \u00e9rzete t\u00e1mad, mintha haza\u00e9rkezett volna. \u00d6sszhangban a term\u00e9szettel.","breadcrumb":{"@id":"https:\/\/www.levendula-vendeghaz.hu\/en\/for-kids\/#breadcrumb"},"inLanguage":"en-US","potentialAction":[{"@type":"ReadAction","target":["https:\/\/www.levendula-vendeghaz.hu\/en\/for-kids\/"]}]},{"@type":"BreadcrumbList","@id":"https:\/\/www.levendula-vendeghaz.hu\/en\/for-kids\/#breadcrumb","itemListElement":[{"@type":"ListItem","position":1,"name":"Home","item":"https:\/\/www.levendula-vendeghaz.hu\/en\/"},{"@type":"ListItem","position":2,"name":"For Kids"}]},{"@type":"WebSite","@id":"https:\/\/www.levendula-vendeghaz.hu\/en\/#website","url":"https:\/\/www.levendula-vendeghaz.hu\/en\/","name":"Levendula Vend\u00e9gh\u00e1z Lovas","description":"Vannak otthonok, ahov\u00e1, ha bel\u00e9p az idegen, az a k\u00fcl\u00f6n\u00f6s \u00e9rzete t\u00e1mad, mintha haza\u00e9rkezett volna. \u00d6sszhangban a term\u00e9szettel.","publisher":{"@id":"https:\/\/www.levendula-vendeghaz.hu\/en\/#organization"},"potentialAction":[{"@type":"SearchAction","target":{"@type":"EntryPoint","urlTemplate":"https:\/\/www.levendula-vendeghaz.hu\/en\/?s={search_term_string}"},"query-input":{"@type":"PropertyValueSpecification","valueRequired":true,"valueName":"search_term_string"}}],"inLanguage":"en-US"},{"@type":"Organization","@id":"https:\/\/www.levendula-vendeghaz.hu\/en\/#organization","name":"Levendula Vend\u00e9gh\u00e1z Lovas","url":"https:\/\/www.levendula-vendeghaz.hu\/en\/","logo":{"@type":"ImageObject","inLanguage":"en-US","@id":"https:\/\/www.levendula-vendeghaz.hu\/en\/#\/schema\/logo\/image\/","url":"https:\/\/www.levendula-vendeghaz.hu\/files\/levendula_vendeghaz_logo.png","contentUrl":"https:\/\/www.levendula-vendeghaz.hu\/files\/levendula_vendeghaz_logo.png","width":259,"height":97,"caption":"Levendula Vend\u00e9gh\u00e1z Lovas"},"image":{"@id":"https:\/\/www.levendula-vendeghaz.hu\/en\/#\/schema\/logo\/image\/"},"sameAs":["https:\/\/www.facebook.com\/levendulavendeghazlovas\/","https:\/\/www.instagram.com\/levendulavendeghazlovas\/"]}]}},"_links":{"self":[{"href":"https:\/\/www.levendula-vendeghaz.hu\/en\/wp-json\/wp\/v2\/pages\/524","targetHints":{"allow":["GET"]}}],"collection":[{"href":"https:\/\/www.levendula-vendeghaz.hu\/en\/wp-json\/wp\/v2\/pages"}],"about":[{"href":"https:\/\/www.levendula-vendeghaz.hu\/en\/wp-json\/wp\/v2\/types\/page"}],"author":[{"embeddable":true,"href":"https:\/\/www.levendula-vendeghaz.hu\/en\/wp-json\/wp\/v2\/users\/2"}],"replies":[{"embeddable":true,"href":"https:\/\/www.levendula-vendeghaz.hu\/en\/wp-json\/wp\/v2\/comments?post=524"}],"version-history":[{"count":0,"href":"https:\/\/www.levendula-vendeghaz.hu\/en\/wp-json\/wp\/v2\/pages\/524\/revisions"}],"wp:attachment":[{"href":"https:\/\/www.levendula-vendeghaz.hu\/en\/wp-json\/wp\/v2\/media?parent=524"}],"curies":[{"name":"wp","href":"https:\/\/api.w.org\/{rel}","templated":true}]}}